{"id":10540,"date":"2022-03-29T13:19:39","date_gmt":"2022-03-29T12:19:39","guid":{"rendered":"https:\/\/bamigra.de\/news\/"},"modified":"2022-12-17T17:58:57","modified_gmt":"2022-12-17T16:58:57","slug":"news","status":"publish","type":"page","link":"https:\/\/bamigra.de\/en\/news\/","title":{"rendered":"News"},"content":{"rendered":"\t\t<div data-elementor-type=\"wp-page\" data-elementor-id=\"10540\" class=\"elementor elementor-10540 elementor-48\" data-elementor-post-type=\"page\">\n\t\t\t\t\t\t<section class=\"elementor-section elementor-top-section elementor-element elementor-element-f5a37c7 elementor-section-height-min-height elementor-section-boxed elementor-section-height-default elementor-section-items-middle\" data-id=\"f5a37c7\" data-element_type=\"section\" data-e-type=\"section\" data-settings=\"{&quot;background_background&quot;:&quot;classic&quot;}\">\n\t\t\t\t\t\t\t<div class=\"elementor-background-overlay\"><\/div>\n\t\t\t\t\t\t\t<div class=\"elementor-container elementor-column-gap-no\">\n\t\t\t\t\t<div class=\"elementor-column elementor-col-100 elementor-top-column elementor-element elementor-element-5be84d9\" data-id=\"5be84d9\" data-element_type=\"column\" data-e-type=\"column\">\n\t\t\t<div class=\"elementor-widget-wrap elementor-element-populated\">\n\t\t\t\t\t\t<div class=\"elementor-element elementor-element-a5df813 elementor-widget elementor-widget-heading\" data-id=\"a5df813\" data-element_type=\"widget\" data-e-type=\"widget\" data-widget_type=\"heading.default\">\n\t\t\t\t<div class=\"elementor-widget-container\">\n\t\t\t\t\t<h1 class=\"elementor-heading-title elementor-size-default\">News<\/h1>\t\t\t\t<\/div>\n\t\t\t\t<\/div>\n\t\t\t\t<div class=\"elementor-element elementor-element-9701d92 elementor-widget-divider--view-line elementor-widget elementor-widget-divider\" data-id=\"9701d92\" data-element_type=\"widget\" data-e-type=\"widget\" data-widget_type=\"divider.default\">\n\t\t\t\t<div class=\"elementor-widget-container\">\n\t\t\t\t\t\t\t<div class=\"elementor-divider\">\n\t\t\t<span class=\"elementor-divider-separator\">\n\t\t\t\t\t\t<\/span>\n\t\t<\/div>\n\t\t\t\t\t\t<\/div>\n\t\t\t\t<\/div>\n\t\t\t\t<div class=\"elementor-element elementor-element-879229a elementor-widget elementor-widget-text-editor\" data-id=\"879229a\" data-element_type=\"widget\" data-e-type=\"widget\" data-widget_type=\"text-editor.default\">\n\t\t\t\t<div class=\"elementor-widget-container\">\n\t\t\t\t\t\t\t\t\t<p>Our news are only available in German language. If you have any questions about any information on here, please write to us.<\/p>\n\t\t\t\t\t\t\t\t<\/div>\n\t\t\t\t<\/div>\n\t\t\t\t\t<\/div>\n\t\t<\/div>\n\t\t\t\t\t<\/div>\n\t\t<\/section>\n\t\t\t\t<section class=\"elementor-section elementor-top-section elementor-element elementor-element-9c2253e elementor-section-boxed elementor-section-height-default elementor-section-height-default\" data-id=\"9c2253e\" data-element_type=\"section\" data-e-type=\"section\" data-settings=\"{&quot;shape_divider_top&quot;:&quot;mountains&quot;}\">\n\t\t\t\t\t<div class=\"elementor-shape elementor-shape-top\" aria-hidden=\"true\" data-negative=\"false\">\n\t\t\t<svg xmlns=\"http:\/\/www.w3.org\/2000\/svg\" viewBox=\"0 0 1000 100\" preserveAspectRatio=\"none\">\n\t<path class=\"elementor-shape-fill\" opacity=\"0.33\" d=\"M473,67.3c-203.9,88.3-263.1-34-320.3,0C66,119.1,0,59.7,0,59.7V0h1000v59.7 c0,0-62.1,26.1-94.9,29.3c-32.8,3.3-62.8-12.3-75.8-22.1C806,49.6,745.3,8.7,694.9,4.7S492.4,59,473,67.3z\"\/>\n\t<path class=\"elementor-shape-fill\" opacity=\"0.66\" d=\"M734,67.3c-45.5,0-77.2-23.2-129.1-39.1c-28.6-8.7-150.3-10.1-254,39.1 s-91.7-34.4-149.2,0C115.7,118.3,0,39.8,0,39.8V0h1000v36.5c0,0-28.2-18.5-92.1-18.5C810.2,18.1,775.7,67.3,734,67.3z\"\/>\n\t<path class=\"elementor-shape-fill\" d=\"M766.1,28.9c-200-57.5-266,65.5-395.1,19.5C242,1.8,242,5.4,184.8,20.6C128,35.8,132.3,44.9,89.9,52.5C28.6,63.7,0,0,0,0 h1000c0,0-9.9,40.9-83.6,48.1S829.6,47,766.1,28.9z\"\/>\n<\/svg>\t\t<\/div>\n\t\t\t\t\t<div class=\"elementor-container elementor-column-gap-default\">\n\t\t\t\t\t<div class=\"elementor-column elementor-col-100 elementor-top-column elementor-element elementor-element-63dfde2\" data-id=\"63dfde2\" data-element_type=\"column\" data-e-type=\"column\">\n\t\t\t<div class=\"elementor-widget-wrap elementor-element-populated\">\n\t\t\t\t\t\t<div class=\"elementor-element elementor-element-428e084 elementor-posts__hover-none elementor-grid-3 elementor-grid-tablet-2 elementor-grid-mobile-1 elementor-posts--thumbnail-top elementor-widget elementor-widget-posts\" data-id=\"428e084\" data-element_type=\"widget\" data-e-type=\"widget\" data-settings=\"{&quot;pagination_type&quot;:&quot;prev_next&quot;,&quot;cards_columns&quot;:&quot;3&quot;,&quot;cards_columns_tablet&quot;:&quot;2&quot;,&quot;cards_columns_mobile&quot;:&quot;1&quot;,&quot;cards_row_gap&quot;:{&quot;unit&quot;:&quot;px&quot;,&quot;size&quot;:35,&quot;sizes&quot;:[]},&quot;cards_row_gap_tablet&quot;:{&quot;unit&quot;:&quot;px&quot;,&quot;size&quot;:&quot;&quot;,&quot;sizes&quot;:[]},&quot;cards_row_gap_mobile&quot;:{&quot;unit&quot;:&quot;px&quot;,&quot;size&quot;:&quot;&quot;,&quot;sizes&quot;:[]}}\" data-widget_type=\"posts.cards\">\n\t\t\t\t<div class=\"elementor-widget-container\">\n\t\t\t\t\t\t\t<div class=\"elementor-posts-container elementor-posts elementor-posts--skin-cards elementor-grid\" role=\"list\">\n\t\t\t\t<article class=\"elementor-post elementor-grid-item post-33034 post type-post status-publish format-standard has-post-thumbnail hentry category-aktuelles category-bildung category-deutsch-lernen tag-integrationskurs\" role=\"listitem\">\n\t\t\t<div class=\"elementor-post__card\">\n\t\t\t\t<a class=\"elementor-post__thumbnail__link\" href=\"https:\/\/bamigra.de\/en\/aktuelles\/integrationskurs-freie-plaetze-ab-15-04\/\" tabindex=\"-1\" ><div class=\"elementor-post__thumbnail\"><img fetchpriority=\"high\" decoding=\"async\" width=\"768\" height=\"512\" src=\"https:\/\/bamigra.de\/wp-content\/uploads\/2021\/12\/Banner_Bildung-768x512.jpg\" class=\"attachment-medium_large size-medium_large wp-image-2782\" alt=\"\" srcset=\"https:\/\/bamigra.de\/wp-content\/uploads\/2021\/12\/Banner_Bildung-768x512.jpg 768w, https:\/\/bamigra.de\/wp-content\/uploads\/2021\/12\/Banner_Bildung-300x200.jpg 300w, https:\/\/bamigra.de\/wp-content\/uploads\/2021\/12\/Banner_Bildung-1024x682.jpg 1024w, https:\/\/bamigra.de\/wp-content\/uploads\/2021\/12\/Banner_Bildung-1536x1024.jpg 1536w, https:\/\/bamigra.de\/wp-content\/uploads\/2021\/12\/Banner_Bildung-2048x1365.jpg 2048w\" sizes=\"(max-width: 768px) 100vw, 768px\" \/><\/div><\/a>\n\t\t\t\t<div class=\"elementor-post__badge\">Aktuelles<\/div>\n\t\t\t\t<div class=\"elementor-post__text\">\n\t\t\t\t<h3 class=\"elementor-post__title\">\n\t\t\t<a href=\"https:\/\/bamigra.de\/en\/aktuelles\/integrationskurs-freie-plaetze-ab-15-04\/\" >\n\t\t\t\tIntegrationskurs &#8211; Freie Pl\u00e4tze ab 15.04.\t\t\t<\/a>\n\t\t<\/h3>\n\t\t\t\t<div class=\"elementor-post__excerpt\">\n\t\t\t<p>Beim\u00a0bfz\u00a0startet am 15.04.2026 ein\u00a0allgemeiner Integrationskurs. Es sind noch Pl\u00e4tze f\u00fcr Teilnehmnde frei. \u00a0 Der Kurs wird von Montag bis Freitag am Vormittag angeboten. \u00a0 Sie k\u00f6nnen f\u00fcr Fragen oder zur<\/p>\n\t\t<\/div>\n\t\t\n\t\t<a class=\"elementor-post__read-more\" href=\"https:\/\/bamigra.de\/en\/aktuelles\/integrationskurs-freie-plaetze-ab-15-04\/\" aria-label=\"Read more about Integrationskurs &#8211; Freie Pl\u00e4tze ab 15.04.\" tabindex=\"-1\" >\n\t\t\tContinue \u00bb\t\t<\/a>\n\n\t\t\t\t<\/div>\n\t\t\t\t<div class=\"elementor-post__meta-data\">\n\t\t\t\t\t<span class=\"elementor-post-date\">\n\t\t\t20. March 2026\t\t<\/span>\n\t\t\t\t<\/div>\n\t\t\t\t\t<\/div>\n\t\t<\/article>\n\t\t\t\t<article class=\"elementor-post elementor-grid-item post-32969 post type-post status-publish format-standard has-post-thumbnail hentry category-aktuelles tag-probealarm\" role=\"listitem\">\n\t\t\t<div class=\"elementor-post__card\">\n\t\t\t\t<a class=\"elementor-post__thumbnail__link\" href=\"https:\/\/bamigra.de\/en\/uncategorized\/landesweiter-probealarm-am-donnerstag-12-03-um-11-uhr-und-sirenen-landkreis-am-samstag-14-03-ab-11-uhr\/\" tabindex=\"-1\" ><div class=\"elementor-post__thumbnail\"><img decoding=\"async\" width=\"768\" height=\"960\" src=\"https:\/\/bamigra.de\/wp-content\/uploads\/2026\/03\/csm_probealarm-2026-1080x1350-rot_a8f8102ac2-768x960.png\" class=\"attachment-medium_large size-medium_large wp-image-32970\" alt=\"\" srcset=\"https:\/\/bamigra.de\/wp-content\/uploads\/2026\/03\/csm_probealarm-2026-1080x1350-rot_a8f8102ac2-768x960.png 768w, https:\/\/bamigra.de\/wp-content\/uploads\/2026\/03\/csm_probealarm-2026-1080x1350-rot_a8f8102ac2-240x300.png 240w, https:\/\/bamigra.de\/wp-content\/uploads\/2026\/03\/csm_probealarm-2026-1080x1350-rot_a8f8102ac2.png 800w\" sizes=\"(max-width: 768px) 100vw, 768px\" \/><\/div><\/a>\n\t\t\t\t<div class=\"elementor-post__badge\">Aktuelles<\/div>\n\t\t\t\t<div class=\"elementor-post__text\">\n\t\t\t\t<h3 class=\"elementor-post__title\">\n\t\t\t<a href=\"https:\/\/bamigra.de\/en\/uncategorized\/landesweiter-probealarm-am-donnerstag-12-03-um-11-uhr-und-sirenen-landkreis-am-samstag-14-03-ab-11-uhr\/\" >\n\t\t\t\tLandesweiter Probealarm am Donnerstag, 12.03. um 11 Uhr und Sirenen Landkreis am Samstag, 14.03. ab 11 Uhr\t\t\t<\/a>\n\t\t<\/h3>\n\t\t\t\t<div class=\"elementor-post__excerpt\">\n\t\t\t<p>Am Donnerstag, 12.03. ab 11 Uhr findet in ganz Bayern ein Probealarm statt. Zus\u00e4tzlich werden im Landkreis Bamberg die Sirenen am Samstag, 14.03. ab 11 Uhr getestet. Alle, die im<\/p>\n\t\t<\/div>\n\t\t\n\t\t<a class=\"elementor-post__read-more\" href=\"https:\/\/bamigra.de\/en\/uncategorized\/landesweiter-probealarm-am-donnerstag-12-03-um-11-uhr-und-sirenen-landkreis-am-samstag-14-03-ab-11-uhr\/\" aria-label=\"Read more about Landesweiter Probealarm am Donnerstag, 12.03. um 11 Uhr und Sirenen Landkreis am Samstag, 14.03. ab 11 Uhr\" tabindex=\"-1\" >\n\t\t\tContinue \u00bb\t\t<\/a>\n\n\t\t\t\t<\/div>\n\t\t\t\t<div class=\"elementor-post__meta-data\">\n\t\t\t\t\t<span class=\"elementor-post-date\">\n\t\t\t9. March 2026\t\t<\/span>\n\t\t\t\t<\/div>\n\t\t\t\t\t<\/div>\n\t\t<\/article>\n\t\t\t\t<article class=\"elementor-post elementor-grid-item post-32908 post type-post status-publish format-standard has-post-thumbnail hentry category-familie category-kinder category-kinderbetreuung tag-kinder tag-kindergarten tag-kindergartenplaetze\" role=\"listitem\">\n\t\t\t<div class=\"elementor-post__card\">\n\t\t\t\t<a class=\"elementor-post__thumbnail__link\" href=\"https:\/\/bamigra.de\/en\/familie\/plaetze-im-natur-und-acker-kindergarten-frei\/\" tabindex=\"-1\" ><div class=\"elementor-post__thumbnail\"><img decoding=\"async\" width=\"768\" height=\"768\" src=\"https:\/\/bamigra.de\/wp-content\/uploads\/2026\/03\/WildeRueben_Flyer-square_CMYK-1-768x768.jpg\" class=\"attachment-medium_large size-medium_large wp-image-32928\" alt=\"\" srcset=\"https:\/\/bamigra.de\/wp-content\/uploads\/2026\/03\/WildeRueben_Flyer-square_CMYK-1-768x768.jpg 768w, https:\/\/bamigra.de\/wp-content\/uploads\/2026\/03\/WildeRueben_Flyer-square_CMYK-1-300x300.jpg 300w, https:\/\/bamigra.de\/wp-content\/uploads\/2026\/03\/WildeRueben_Flyer-square_CMYK-1-1024x1024.jpg 1024w, https:\/\/bamigra.de\/wp-content\/uploads\/2026\/03\/WildeRueben_Flyer-square_CMYK-1-150x150.jpg 150w, https:\/\/bamigra.de\/wp-content\/uploads\/2026\/03\/WildeRueben_Flyer-square_CMYK-1.jpg 1190w\" sizes=\"(max-width: 768px) 100vw, 768px\" \/><\/div><\/a>\n\t\t\t\t<div class=\"elementor-post__badge\">Familie<\/div>\n\t\t\t\t<div class=\"elementor-post__text\">\n\t\t\t\t<h3 class=\"elementor-post__title\">\n\t\t\t<a href=\"https:\/\/bamigra.de\/en\/familie\/plaetze-im-natur-und-acker-kindergarten-frei\/\" >\n\t\t\t\tPl\u00e4tze im Natur- und Acker-Kindergarten frei\t\t\t<\/a>\n\t\t<\/h3>\n\t\t\t\t<div class=\"elementor-post__excerpt\">\n\t\t\t<p>In Bamberg hat ein toller neuer Natur- und Ackerkindergarten er\u00f6ffnet. Er hei\u00dft &#8220;Wilde R\u00fcben&#8221; und es gibt noch freie Pl\u00e4tze. \u00a0 In diesem speziellen Kindergarten sind die Kinder meistens drau\u00dfen<\/p>\n\t\t<\/div>\n\t\t\n\t\t<a class=\"elementor-post__read-more\" href=\"https:\/\/bamigra.de\/en\/familie\/plaetze-im-natur-und-acker-kindergarten-frei\/\" aria-label=\"Read more about Pl\u00e4tze im Natur- und Acker-Kindergarten frei\" tabindex=\"-1\" >\n\t\t\tContinue \u00bb\t\t<\/a>\n\n\t\t\t\t<\/div>\n\t\t\t\t<div class=\"elementor-post__meta-data\">\n\t\t\t\t\t<span class=\"elementor-post-date\">\n\t\t\t4. March 2026\t\t<\/span>\n\t\t\t\t<\/div>\n\t\t\t\t\t<\/div>\n\t\t<\/article>\n\t\t\t\t<article class=\"elementor-post elementor-grid-item post-32886 post type-post status-publish format-standard has-post-thumbnail hentry category-aktuelles\" role=\"listitem\">\n\t\t\t<div class=\"elementor-post__card\">\n\t\t\t\t<a class=\"elementor-post__thumbnail__link\" href=\"https:\/\/bamigra.de\/en\/aktuelles\/am-8-maerz-ist-kommunalwahl\/\" tabindex=\"-1\" ><div class=\"elementor-post__thumbnail\"><img loading=\"lazy\" decoding=\"async\" width=\"768\" height=\"530\" src=\"https:\/\/bamigra.de\/wp-content\/uploads\/2026\/03\/2026_03_wahl-768x530.jpg\" class=\"attachment-medium_large size-medium_large wp-image-32887\" alt=\"Kommunalwahl 2026\" srcset=\"https:\/\/bamigra.de\/wp-content\/uploads\/2026\/03\/2026_03_wahl-768x530.jpg 768w, https:\/\/bamigra.de\/wp-content\/uploads\/2026\/03\/2026_03_wahl-300x207.jpg 300w, https:\/\/bamigra.de\/wp-content\/uploads\/2026\/03\/2026_03_wahl-1024x707.jpg 1024w, https:\/\/bamigra.de\/wp-content\/uploads\/2026\/03\/2026_03_wahl-1536x1060.jpg 1536w, https:\/\/bamigra.de\/wp-content\/uploads\/2026\/03\/2026_03_wahl.jpg 1742w\" sizes=\"(max-width: 768px) 100vw, 768px\" \/><\/div><\/a>\n\t\t\t\t<div class=\"elementor-post__badge\">Aktuelles<\/div>\n\t\t\t\t<div class=\"elementor-post__text\">\n\t\t\t\t<h3 class=\"elementor-post__title\">\n\t\t\t<a href=\"https:\/\/bamigra.de\/en\/aktuelles\/am-8-maerz-ist-kommunalwahl\/\" >\n\t\t\t\tAm 8. M\u00e4rz ist Kommunalwahl\t\t\t<\/a>\n\t\t<\/h3>\n\t\t\t\t<div class=\"elementor-post__excerpt\">\n\t\t\t<p>Am 8. M\u00e4rz 2026 haben die B\u00fcrgerinnen und B\u00fcrger der Stadt Bamberg die M\u00f6glichkeit, aktiv \u00fcber die Zukunft ihrer Stadt mitzuentscheiden.\u00a0\u00a0 Auf der Seite der Stadt Bamberg finden Sie alle<\/p>\n\t\t<\/div>\n\t\t\n\t\t<a class=\"elementor-post__read-more\" href=\"https:\/\/bamigra.de\/en\/aktuelles\/am-8-maerz-ist-kommunalwahl\/\" aria-label=\"Read more about Am 8. M\u00e4rz ist Kommunalwahl\" tabindex=\"-1\" >\n\t\t\tContinue \u00bb\t\t<\/a>\n\n\t\t\t\t<\/div>\n\t\t\t\t<div class=\"elementor-post__meta-data\">\n\t\t\t\t\t<span class=\"elementor-post-date\">\n\t\t\t2. March 2026\t\t<\/span>\n\t\t\t\t<\/div>\n\t\t\t\t\t<\/div>\n\t\t<\/article>\n\t\t\t\t<article class=\"elementor-post elementor-grid-item post-32867 post type-post status-publish format-standard has-post-thumbnail hentry category-aktuelles category-wohnen\" role=\"listitem\">\n\t\t\t<div class=\"elementor-post__card\">\n\t\t\t\t<a class=\"elementor-post__thumbnail__link\" href=\"https:\/\/bamigra.de\/en\/uncategorized\/wohnung-im-landkreis-fuer-grosse-familie-zu-vermieten\/\" tabindex=\"-1\" ><div class=\"elementor-post__thumbnail\"><img loading=\"lazy\" decoding=\"async\" width=\"768\" height=\"512\" src=\"https:\/\/bamigra.de\/wp-content\/uploads\/2021\/12\/Banner_Wohnen-768x512.jpg\" class=\"attachment-medium_large size-medium_large wp-image-2800\" alt=\"\" srcset=\"https:\/\/bamigra.de\/wp-content\/uploads\/2021\/12\/Banner_Wohnen-768x512.jpg 768w, https:\/\/bamigra.de\/wp-content\/uploads\/2021\/12\/Banner_Wohnen-300x200.jpg 300w, https:\/\/bamigra.de\/wp-content\/uploads\/2021\/12\/Banner_Wohnen-1024x683.jpg 1024w, https:\/\/bamigra.de\/wp-content\/uploads\/2021\/12\/Banner_Wohnen-1536x1025.jpg 1536w, https:\/\/bamigra.de\/wp-content\/uploads\/2021\/12\/Banner_Wohnen-2048x1366.jpg 2048w\" sizes=\"(max-width: 768px) 100vw, 768px\" \/><\/div><\/a>\n\t\t\t\t<div class=\"elementor-post__badge\">Aktuelles<\/div>\n\t\t\t\t<div class=\"elementor-post__text\">\n\t\t\t\t<h3 class=\"elementor-post__title\">\n\t\t\t<a href=\"https:\/\/bamigra.de\/en\/uncategorized\/wohnung-im-landkreis-fuer-grosse-familie-zu-vermieten\/\" >\n\t\t\t\tWohnung im Landkreis f\u00fcr gro\u00dfe Familie zu vermieten\t\t\t<\/a>\n\t\t<\/h3>\n\t\t\t\t<div class=\"elementor-post__excerpt\">\n\t\t\t<p>Ein Vermieter hat sich bei uns gemeldet und er hat im Landkreis Bamberg eine Wohnung zu vermieten.\u00a0Er m\u00f6chte diese an Gefl\u00fcchtete vermieten und hat uns gebeten, eine passende Familie zu<\/p>\n\t\t<\/div>\n\t\t\n\t\t<a class=\"elementor-post__read-more\" href=\"https:\/\/bamigra.de\/en\/uncategorized\/wohnung-im-landkreis-fuer-grosse-familie-zu-vermieten\/\" aria-label=\"Read more about Wohnung im Landkreis f\u00fcr gro\u00dfe Familie zu vermieten\" tabindex=\"-1\" >\n\t\t\tContinue \u00bb\t\t<\/a>\n\n\t\t\t\t<\/div>\n\t\t\t\t<div class=\"elementor-post__meta-data\">\n\t\t\t\t\t<span class=\"elementor-post-date\">\n\t\t\t27. February 2026\t\t<\/span>\n\t\t\t\t<\/div>\n\t\t\t\t\t<\/div>\n\t\t<\/article>\n\t\t\t\t<article class=\"elementor-post elementor-grid-item post-32657 post type-post status-publish format-standard has-post-thumbnail hentry category-aktuelles\" role=\"listitem\">\n\t\t\t<div class=\"elementor-post__card\">\n\t\t\t\t<a class=\"elementor-post__thumbnail__link\" href=\"https:\/\/bamigra.de\/en\/aktuelles\/mieterkurs-mit-zertifikat-fuer-alle-wohnungssuchenden\/\" tabindex=\"-1\" ><div class=\"elementor-post__thumbnail\"><img loading=\"lazy\" decoding=\"async\" width=\"768\" height=\"960\" src=\"https:\/\/bamigra.de\/wp-content\/uploads\/2026\/01\/FlyerMietkurs202601-768x960.jpg\" class=\"attachment-medium_large size-medium_large wp-image-32658\" alt=\"\" srcset=\"https:\/\/bamigra.de\/wp-content\/uploads\/2026\/01\/FlyerMietkurs202601-768x960.jpg 768w, https:\/\/bamigra.de\/wp-content\/uploads\/2026\/01\/FlyerMietkurs202601-240x300.jpg 240w, https:\/\/bamigra.de\/wp-content\/uploads\/2026\/01\/FlyerMietkurs202601-819x1024.jpg 819w, https:\/\/bamigra.de\/wp-content\/uploads\/2026\/01\/FlyerMietkurs202601-1228x1536.jpg 1228w, https:\/\/bamigra.de\/wp-content\/uploads\/2026\/01\/FlyerMietkurs202601.jpg 1620w\" sizes=\"(max-width: 768px) 100vw, 768px\" \/><\/div><\/a>\n\t\t\t\t<div class=\"elementor-post__badge\">Aktuelles<\/div>\n\t\t\t\t<div class=\"elementor-post__text\">\n\t\t\t\t<h3 class=\"elementor-post__title\">\n\t\t\t<a href=\"https:\/\/bamigra.de\/en\/aktuelles\/mieterkurs-mit-zertifikat-fuer-alle-wohnungssuchenden\/\" >\n\t\t\t\tMieterkurs mit Zertifikat f\u00fcr alle Wohnungssuchenden\t\t\t<\/a>\n\t\t<\/h3>\n\t\t\t\t<div class=\"elementor-post__excerpt\">\n\t\t\t<p>Mieterkurs mit Zertifikat f\u00fcr alle Wohnungssuchenden \u00a0 WANN? 10.02.2026\u00a0 \u00a0 14 &#8211; 17 Uhr 11.02.2026\u00a0 \u00a0 14 &#8211; 17 Uhr 12.02.2026\u00a0 \u00a0 14 &#8211; 17 Uhr \u00a0 WO? Blaue Frieda\/Fridolin,<\/p>\n\t\t<\/div>\n\t\t\n\t\t<a class=\"elementor-post__read-more\" href=\"https:\/\/bamigra.de\/en\/aktuelles\/mieterkurs-mit-zertifikat-fuer-alle-wohnungssuchenden\/\" aria-label=\"Read more about Mieterkurs mit Zertifikat f\u00fcr alle Wohnungssuchenden\" tabindex=\"-1\" >\n\t\t\tContinue \u00bb\t\t<\/a>\n\n\t\t\t\t<\/div>\n\t\t\t\t<div class=\"elementor-post__meta-data\">\n\t\t\t\t\t<span class=\"elementor-post-date\">\n\t\t\t14. January 2026\t\t<\/span>\n\t\t\t\t<\/div>\n\t\t\t\t\t<\/div>\n\t\t<\/article>\n\t\t\t\t<\/div>\n\t\t\n\t\t\t\t<div class=\"e-load-more-anchor\" data-page=\"1\" data-max-page=\"11\" data-next-page=\"https:\/\/bamigra.de\/en\/wp-json\/wp\/v2\/pages\/10540\/page\/2\/\"><\/div>\n\t\t\t\t<nav class=\"elementor-pagination\" aria-label=\"Pagination\">\n\t\t\t<span class=\"page-numbers prev\">\u00ab Last<\/span>\n<a class=\"page-numbers next\" href=\"https:\/\/bamigra.de\/en\/wp-json\/wp\/v2\/pages\/10540\/page\/2\/\">Next \u00bb<\/a>\t\t<\/nav>\n\t\t\t\t\t\t<\/div>\n\t\t\t\t<\/div>\n\t\t\t\t\t<\/div>\n\t\t<\/div>\n\t\t\t\t\t<\/div>\n\t\t<\/section>\n\t\t\t\t<\/div>\n\t\t","protected":false},"excerpt":{"rendered":"<p>News Our news are only available in German language. If you have any questions about any information on here, please write to us.<\/p>\n","protected":false},"author":1,"featured_media":0,"parent":0,"menu_order":0,"comment_status":"closed","ping_status":"closed","template":"","meta":{"_angie_page":false,"_price":"","_stock":"","_tribe_ticket_header":"","_tribe_default_ticket_provider":"","_tribe_ticket_capacity":"0","_ticket_start_date":"","_ticket_end_date":"","_tribe_ticket_show_description":"","_tribe_ticket_show_not_going":false,"_tribe_ticket_use_global_stock":"","_tribe_ticket_global_stock_level":"","_global_stock_mode":"","_global_stock_cap":"","_tribe_rsvp_for_event":"","_tribe_ticket_going_count":"","_tribe_ticket_not_going_count":"","_tribe_tickets_list":"[]","_tribe_ticket_has_attendee_info_fields":false,"footnotes":""},"class_list":["post-10540","page","type-page","status-publish","hentry"],"_links":{"self":[{"href":"https:\/\/bamigra.de\/en\/wp-json\/wp\/v2\/pages\/10540","targetHints":{"allow":["GET"]}}],"collection":[{"href":"https:\/\/bamigra.de\/en\/wp-json\/wp\/v2\/pages"}],"about":[{"href":"https:\/\/bamigra.de\/en\/wp-json\/wp\/v2\/types\/page"}],"author":[{"embeddable":true,"href":"https:\/\/bamigra.de\/en\/wp-json\/wp\/v2\/users\/1"}],"replies":[{"embeddable":true,"href":"https:\/\/bamigra.de\/en\/wp-json\/wp\/v2\/comments?post=10540"}],"version-history":[{"count":0,"href":"https:\/\/bamigra.de\/en\/wp-json\/wp\/v2\/pages\/10540\/revisions"}],"wp:attachment":[{"href":"https:\/\/bamigra.de\/en\/wp-json\/wp\/v2\/media?parent=10540"}],"curies":[{"name":"wp","href":"https:\/\/api.w.org\/{rel}","templated":true}]}}