{"id":8350,"date":"2021-12-27T18:27:08","date_gmt":"2021-12-27T17:27:08","guid":{"rendered":""},"modified":"2024-01-18T21:38:34","modified_gmt":"2024-01-18T20:38:34","slug":"%d8%a8%d8%b1%d9%86%d8%a7%d9%85%d8%ac-%d8%a7%d9%84%d8%b9%d9%88%d8%af%d8%a9","status":"publish","type":"page","link":"https:\/\/bamigra.de\/ar\/%d8%a7%d9%84%d9%85%d9%88%d8%a7%d8%b6%d9%8a%d8%b9\/%d8%a7%d9%84%d8%af%d9%88%d8%a7%d8%a6%d8%b1-%d8%a7%d9%84%d8%ad%d9%83%d9%88%d9%85%d9%8a%d8%a9-%d9%88%d8%a7%d9%84%d9%84%d8%ac%d9%88%d8%a1\/%d8%a8%d8%b1%d9%86%d8%a7%d9%85%d8%ac-%d8%a7%d9%84%d8%b9%d9%88%d8%af%d8%a9\/","title":{"rendered":"\u0628\u0631\u0646\u0627\u0645\u062c \u0627\u0644\u0639\u0648\u062f\u0629"},"content":{"rendered":"\t\t<div data-elementor-type=\"wp-page\" data-elementor-id=\"8350\" class=\"elementor elementor-8350 elementor-3655\" data-elementor-post-type=\"page\">\n\t\t\t\t\t\t<section class=\"elementor-section elementor-top-section elementor-element elementor-element-a0181df elementor-section-height-min-height elementor-section-boxed elementor-section-height-default elementor-section-items-middle\" data-id=\"a0181df\" data-element_type=\"section\" data-e-type=\"section\" data-settings=\"{&quot;background_background&quot;:&quot;classic&quot;,&quot;shape_divider_bottom&quot;:&quot;mountains&quot;}\">\n\t\t\t\t\t\t\t<div class=\"elementor-background-overlay\"><\/div>\n\t\t\t\t\t\t<div class=\"elementor-shape elementor-shape-bottom\" aria-hidden=\"true\" data-negative=\"false\">\n\t\t\t<svg xmlns=\"http:\/\/www.w3.org\/2000\/svg\" viewBox=\"0 0 1000 100\" preserveAspectRatio=\"none\">\n\t<path class=\"elementor-shape-fill\" opacity=\"0.33\" d=\"M473,67.3c-203.9,88.3-263.1-34-320.3,0C66,119.1,0,59.7,0,59.7V0h1000v59.7 c0,0-62.1,26.1-94.9,29.3c-32.8,3.3-62.8-12.3-75.8-22.1C806,49.6,745.3,8.7,694.9,4.7S492.4,59,473,67.3z\"\/>\n\t<path class=\"elementor-shape-fill\" opacity=\"0.66\" d=\"M734,67.3c-45.5,0-77.2-23.2-129.1-39.1c-28.6-8.7-150.3-10.1-254,39.1 s-91.7-34.4-149.2,0C115.7,118.3,0,39.8,0,39.8V0h1000v36.5c0,0-28.2-18.5-92.1-18.5C810.2,18.1,775.7,67.3,734,67.3z\"\/>\n\t<path class=\"elementor-shape-fill\" d=\"M766.1,28.9c-200-57.5-266,65.5-395.1,19.5C242,1.8,242,5.4,184.8,20.6C128,35.8,132.3,44.9,89.9,52.5C28.6,63.7,0,0,0,0 h1000c0,0-9.9,40.9-83.6,48.1S829.6,47,766.1,28.9z\"\/>\n<\/svg>\t\t<\/div>\n\t\t\t\t\t<div class=\"elementor-container elementor-column-gap-no\">\n\t\t\t\t\t<div class=\"elementor-column elementor-col-50 elementor-top-column elementor-element elementor-element-a1e9b69\" data-id=\"a1e9b69\" data-element_type=\"column\" data-e-type=\"column\">\n\t\t\t<div class=\"elementor-widget-wrap elementor-element-populated\">\n\t\t\t\t\t\t<div class=\"elementor-element elementor-element-ff032ff elementor-widget elementor-widget-heading\" data-id=\"ff032ff\" data-element_type=\"widget\" data-e-type=\"widget\" data-widget_type=\"heading.default\">\n\t\t\t\t<div class=\"elementor-widget-container\">\n\t\t\t\t\t<h1 class=\"elementor-heading-title elementor-size-default\">\u0627\u0644\u0639\u0648\u062f\u0629 \u0625\u0644\u0649 \u0627\u0644\u0648\u0637\u0646<\/h1>\t\t\t\t<\/div>\n\t\t\t\t<\/div>\n\t\t\t\t<div class=\"elementor-element elementor-element-bf8355c elementor-widget-divider--view-line elementor-widget elementor-widget-divider\" data-id=\"bf8355c\" data-element_type=\"widget\" data-e-type=\"widget\" data-widget_type=\"divider.default\">\n\t\t\t\t<div class=\"elementor-widget-container\">\n\t\t\t\t\t\t\t<div class=\"elementor-divider\">\n\t\t\t<span class=\"elementor-divider-separator\">\n\t\t\t\t\t\t<\/span>\n\t\t<\/div>\n\t\t\t\t\t\t<\/div>\n\t\t\t\t<\/div>\n\t\t\t\t<div class=\"elementor-element elementor-element-fd95037 elementor-widget elementor-widget-text-editor\" data-id=\"fd95037\" data-element_type=\"widget\" data-e-type=\"widget\" data-widget_type=\"text-editor.default\">\n\t\t\t\t<div class=\"elementor-widget-container\">\n\t\t\t\t\t\t\t\t\t<p data-pm-slice=\"1 1 []\">\u200f\u0623\u064a\u0646 \u064a\u0645\u0643\u0646\u0646\u064a \u0627\u0644\u0639\u062b\u0648\u0631 \u0639\u0644\u0649 \u0627\u0644\u0645\u0633\u0627\u0639\u062f\u0629 \u0625\u0630\u0627 \u0643\u0646\u062a \u0623\u0631\u063a\u0628 \u0641\u064a \u0627\u0644\u0639\u0648\u062f\u0629 \u0637\u0648\u0627\u0639\u064a\u0629 \u0625\u0644\u0649 \u0648\u0637\u0646\u064a\u061f\u200f<\/p>\n\t\t\t\t\t\t\t\t<\/div>\n\t\t\t\t<\/div>\n\t\t\t\t\t<\/div>\n\t\t<\/div>\n\t\t\t\t<div class=\"elementor-column elementor-col-50 elementor-top-column elementor-element elementor-element-45854e0\" data-id=\"45854e0\" data-element_type=\"column\" data-e-type=\"column\">\n\t\t\t<div class=\"elementor-widget-wrap elementor-element-populated\">\n\t\t\t\t\t\t<div class=\"elementor-element elementor-element-36dc431 elementor-widget elementor-widget-table-of-contents\" data-id=\"36dc431\" data-element_type=\"widget\" data-e-type=\"widget\" data-settings=\"{&quot;exclude_headings_by_selector&quot;:[],&quot;headings_by_tags&quot;:[&quot;h2&quot;,&quot;h3&quot;,&quot;h4&quot;,&quot;h5&quot;,&quot;h6&quot;],&quot;marker_view&quot;:&quot;numbers&quot;,&quot;no_headings_message&quot;:&quot;No headings were found on this page.&quot;,&quot;hierarchical_view&quot;:&quot;yes&quot;,&quot;min_height&quot;:{&quot;unit&quot;:&quot;px&quot;,&quot;size&quot;:&quot;&quot;,&quot;sizes&quot;:[]},&quot;min_height_tablet&quot;:{&quot;unit&quot;:&quot;px&quot;,&quot;size&quot;:&quot;&quot;,&quot;sizes&quot;:[]},&quot;min_height_mobile&quot;:{&quot;unit&quot;:&quot;px&quot;,&quot;size&quot;:&quot;&quot;,&quot;sizes&quot;:[]}}\" data-widget_type=\"table-of-contents.default\">\n\t\t\t\t<div class=\"elementor-widget-container\">\n\t\t\t\t\t\t\t\t\t<div class=\"elementor-toc__header\">\n\t\t\t\t\t\t<h2 class=\"elementor-toc__header-title\">\n\t\t\t\t\u0645\u062d\u062a\u0648\u0649 \u0627\u0644\u0635\u0641\u062d\u0629\t\t\t<\/h2>\n\t\t\t\t\t\t\t\t<\/div>\n\t\t\t\t<div id=\"elementor-toc__36dc431\" class=\"elementor-toc__body\">\n\t\t\t<div class=\"elementor-toc__spinner-container\">\n\t\t\t\t<i class=\"elementor-toc__spinner eicon-animation-spin eicon-loading\" aria-hidden=\"true\"><\/i>\t\t\t<\/div>\n\t\t<\/div>\n\t\t\t\t\t\t<\/div>\n\t\t\t\t<\/div>\n\t\t\t\t\t<\/div>\n\t\t<\/div>\n\t\t\t\t\t<\/div>\n\t\t<\/section>\n\t\t\t\t<section class=\"elementor-section elementor-top-section elementor-element elementor-element-2e3580f7 elementor-section-boxed elementor-section-height-default elementor-section-height-default\" data-id=\"2e3580f7\" data-element_type=\"section\" data-e-type=\"section\">\n\t\t\t\t\t\t<div class=\"elementor-container elementor-column-gap-default\">\n\t\t\t\t\t<div class=\"elementor-column elementor-col-100 elementor-top-column elementor-element elementor-element-7d3e9647\" data-id=\"7d3e9647\" data-element_type=\"column\" data-e-type=\"column\">\n\t\t\t<div class=\"elementor-widget-wrap elementor-element-populated\">\n\t\t\t\t\t\t<div class=\"elementor-element elementor-element-124b57d2 elementor-widget elementor-widget-heading\" data-id=\"124b57d2\" data-element_type=\"widget\" data-e-type=\"widget\" data-widget_type=\"heading.default\">\n\t\t\t\t<div class=\"elementor-widget-container\">\n\t\t\t\t\t<h2 class=\"elementor-heading-title elementor-size-default\">\u0625\u0633\u062a\u0634\u0627\u0631\u0629 \u0627\u0644\u0639\u0648\u062f\u0629<\/h2>\t\t\t\t<\/div>\n\t\t\t\t<\/div>\n\t\t\t\t<div class=\"elementor-element elementor-element-11a9c342 elementor-widget elementor-widget-text-editor\" data-id=\"11a9c342\" data-element_type=\"widget\" data-e-type=\"widget\" data-widget_type=\"text-editor.default\">\n\t\t\t\t<div class=\"elementor-widget-container\">\n\t\t\t\t\t\t\t\t\t<p data-pm-slice=\"1 1 []\">\u200f\u0625\u0630\u0627 \u0643\u0646\u062a \u062a\u0641\u0643\u0631 \u0641\u064a \u0627\u0644\u0639\u0648\u062f\u0629 \u0627\u0644\u0637\u0648\u0639\u064a\u0629 \u0625\u0644\u0649 \u0648\u0637\u0646\u0643\u060c \u0641\u064a\u0645\u0643\u0646\u0643 \u0627\u0644\u062d\u0635\u0648\u0644 \u0639\u0644\u0649 \u0627\u0644\u062f\u0639\u0645 \u0645\u0646 \u062e\u0644\u0627\u0644 \u0627\u0633\u062a\u0634\u0627\u0631\u0629 \u0627\u0644\u0639\u0648\u062f\u0629.\u200f \u200f\u0627\u0644\u0627\u0633\u062a\u0634\u0627\u0631\u0629 \u0647\u0646\u0627\u0643 \u063a\u064a\u0631 \u0645\u0644\u0632\u0645\u0629 \u0648\u0645\u062c\u0627\u0646\u064a\u0629.\u200f<\/p>\n<p data-pm-slice=\"1 1 []\">\u0647\u0646\u0627\u0643 \u0627\u0644\u0639\u062f\u064a\u062f \u0645\u0646 \u0627\u0644\u062c\u0647\u0627\u062a \u0627\u0644\u0645\u062a\u0627\u062d\u0629 \u0644\u0647\u0630\u0627 \u0627\u0644\u063a\u0631\u0636:<\/p>\n\t\t\t\t\t\t\t\t<\/div>\n\t\t\t\t<\/div>\n\t\t\t\t<div class=\"elementor-element elementor-element-25f3e0a3 elementor-widget elementor-widget-accordion\" data-id=\"25f3e0a3\" data-element_type=\"widget\" data-e-type=\"widget\" data-widget_type=\"accordion.default\">\n\t\t\t\t<div class=\"elementor-widget-container\">\n\t\t\t\t\t\t\t<div class=\"elementor-accordion\">\n\t\t\t\t\t\t\t<div class=\"elementor-accordion-item\">\n\t\t\t\t\t<div id=\"elementor-tab-title-6361\" class=\"elementor-tab-title\" data-tab=\"1\" role=\"button\" aria-controls=\"elementor-tab-content-6361\" aria-expanded=\"false\">\n\t\t\t\t\t\t\t\t\t\t\t\t\t<span class=\"elementor-accordion-icon elementor-accordion-icon-right\" aria-hidden=\"true\">\n\t\t\t\t\t\t\t\t\t\t\t\t\t\t\t<span class=\"elementor-accordion-icon-closed\"><i class=\"far fa-address-book\"><\/i><\/span>\n\t\t\t\t\t\t\t\t<span class=\"elementor-accordion-icon-opened\"><i class=\"far fa-address-book\"><\/i><\/span>\n\t\t\t\t\t\t\t\t\t\t\t\t\t\t<\/span>\n\t\t\t\t\t\t\t\t\t\t\t\t<a class=\"elementor-accordion-title\" tabindex=\"0\">Zentrale R\u00fcckkehrberatung f\u00fcr Fl\u00fcchtlinge in Nordbayern<\/a>\n\t\t\t\t\t<\/div>\n\t\t\t\t\t<div id=\"elementor-tab-content-6361\" class=\"elementor-tab-content elementor-clearfix\" data-tab=\"1\" role=\"region\" aria-labelledby=\"elementor-tab-title-6361\"><p>Marienstra\u00dfe 23<br \/>90402 N\u00fcrnberg<br \/>0911 \/ 23 52 &#8211; 222<br \/><a title=\"mailto:info@zrb-nordbayern.de\" href=\"mailto:info@zrb-nordbayern.de\" target=\"_blank\" rel=\"noopener noreferrer nofollow\">info@zrb-nordbayern.de<\/a><br \/><a title=\"https:\/\/zrb-nordbayern.de\/\" href=\"https:\/\/zrb-nordbayern.de\/\" target=\"_blank\" rel=\"noopener noreferrer nofollow\">https:\/\/zrb-nordbayern.de\/<\/a><\/p>\n<\/div>\n\t\t\t\t<\/div>\n\t\t\t\t\t\t\t<div class=\"elementor-accordion-item\">\n\t\t\t\t\t<div id=\"elementor-tab-title-6362\" class=\"elementor-tab-title\" data-tab=\"2\" role=\"button\" aria-controls=\"elementor-tab-content-6362\" aria-expanded=\"false\">\n\t\t\t\t\t\t\t\t\t\t\t\t\t<span class=\"elementor-accordion-icon elementor-accordion-icon-right\" aria-hidden=\"true\">\n\t\t\t\t\t\t\t\t\t\t\t\t\t\t\t<span class=\"elementor-accordion-icon-closed\"><i class=\"far fa-address-book\"><\/i><\/span>\n\t\t\t\t\t\t\t\t<span class=\"elementor-accordion-icon-opened\"><i class=\"far fa-address-book\"><\/i><\/span>\n\t\t\t\t\t\t\t\t\t\t\t\t\t\t<\/span>\n\t\t\t\t\t\t\t\t\t\t\t\t<a class=\"elementor-accordion-title\" tabindex=\"0\">Zentrale Ausl\u00e4nderbeh\u00f6rde Oberfranken - R\u00fcckkehrberatung und R\u00fcckkehrf\u00f6rderung, Dienststelle Bayreuth<\/a>\n\t\t\t\t\t<\/div>\n\t\t\t\t\t<div id=\"elementor-tab-content-6362\" class=\"elementor-tab-content elementor-clearfix\" data-tab=\"2\" role=\"region\" aria-labelledby=\"elementor-tab-title-6362\"><p>F\u00fcr Asylbewerber au\u00dferhalb der AEO sowie von Stadt und Landkreis Bamberg<br \/>Matthias Kerling<br \/>0921 \/ 604 &#8211; 21 12<br \/><a title=\"mailto:info@zrb-nordbayern.de\" href=\"mailto:zab.bamberg@reg-ofr.bayern.de\" target=\"_blank\" rel=\"noopener noreferrer nofollow\">zab.bamberg@reg-ofr.bayern.de<\/a><br \/><a href=\"https:\/\/www.regierung.oberfranken.bayern.de\/aufgaben\/192162\/192164\/gebaeude\/178948\/index.html\" target=\"_blank\" rel=\"noopener\">https:\/\/www.regierung.oberfranken.bayern.de\/aufgaben\/192162\/192164\/gebaeude\/178948\/index.html<\/a><\/p>\n<\/div>\n\t\t\t\t<\/div>\n\t\t\t\t\t\t\t<div class=\"elementor-accordion-item\">\n\t\t\t\t\t<div id=\"elementor-tab-title-6363\" class=\"elementor-tab-title\" data-tab=\"3\" role=\"button\" aria-controls=\"elementor-tab-content-6363\" aria-expanded=\"false\">\n\t\t\t\t\t\t\t\t\t\t\t\t\t<span class=\"elementor-accordion-icon elementor-accordion-icon-right\" aria-hidden=\"true\">\n\t\t\t\t\t\t\t\t\t\t\t\t\t\t\t<span class=\"elementor-accordion-icon-closed\"><i class=\"far fa-address-book\"><\/i><\/span>\n\t\t\t\t\t\t\t\t<span class=\"elementor-accordion-icon-opened\"><i class=\"far fa-address-book\"><\/i><\/span>\n\t\t\t\t\t\t\t\t\t\t\t\t\t\t<\/span>\n\t\t\t\t\t\t\t\t\t\t\t\t<a class=\"elementor-accordion-title\" tabindex=\"0\">Zentrale Ausl\u00e4nderbeh\u00f6rde Oberfranken - R\u00fcckkehrberatung und R\u00fcckkehrf\u00f6rderung, Dienststelle Bamberg<\/a>\n\t\t\t\t\t<\/div>\n\t\t\t\t\t<div id=\"elementor-tab-content-6363\" class=\"elementor-tab-content elementor-clearfix\" data-tab=\"3\" role=\"region\" aria-labelledby=\"elementor-tab-title-6363\"><p>F\u00fcr Asylbewerber in der AEO sowie in Stadt und Landkreis Bamberg<br \/>Alexander Hellauer<br \/>0921 \/ 604 &#8211; 23 00<br \/><a href=\"mailto:zab.bamberg@reg-ofr.bayern.de\" target=\"_blank\" rel=\"noopener\">zab.bamberg@reg-ofr.bayern.de<\/a><br \/><a href=\"https:\/\/www.regierung.oberfranken.bayern.de\/aufgaben\/192162\/192164\/gebaeude\/178948\/index.html\" target=\"_blank\" rel=\"noopener\">https:\/\/www.regierung.oberfranken.bayern.de\/aufgaben\/192162\/192164\/gebaeude\/178948\/index.html<\/a><\/p>\n<\/div>\n\t\t\t\t<\/div>\n\t\t\t\t\t\t\t\t<\/div>\n\t\t\t\t\t\t<\/div>\n\t\t\t\t<\/div>\n\t\t\t\t<div class=\"elementor-element elementor-element-0db7828 elementor-widget elementor-widget-heading\" data-id=\"0db7828\" data-element_type=\"widget\" data-e-type=\"widget\" data-widget_type=\"heading.default\">\n\t\t\t\t<div class=\"elementor-widget-container\">\n\t\t\t\t\t<h2 class=\"elementor-heading-title elementor-size-default\">\u0645\u0643\u062a\u0628 \u0627\u0644\u0648\u0644\u0627\u064a\u0629 \u0644\u0644\u062c\u0648\u0621 \u0648\u0627\u0644\u0639\u0648\u062f\u0629 \u0625\u0644\u0649 \u0627\u0644\u0648\u0637\u0646<\/h2>\t\t\t\t<\/div>\n\t\t\t\t<\/div>\n\t\t\t\t<div class=\"elementor-element elementor-element-ecdf1be elementor-widget elementor-widget-text-editor\" data-id=\"ecdf1be\" data-element_type=\"widget\" data-e-type=\"widget\" data-widget_type=\"text-editor.default\">\n\t\t\t\t<div class=\"elementor-widget-container\">\n\t\t\t\t\t\t\t\t\t<p data-pm-slice=\"1 1 []\">\u0645\u0643\u062a\u0628 \u0648\u0644\u0627\u064a\u0629 \u0628\u0627\u064a\u0631\u0646 \u0644\u0644\u062c\u0648\u0621 \u0648\u0627\u0644\u0639\u0648\u062f\u0629 \u0625\u0644\u0649 \u0627\u0644\u0648\u0637\u0646 \u0647\u0648 \u0646\u0642\u0637\u0629 \u0627\u0644\u0627\u062a\u0635\u0627\u0644 \u0627\u0644\u0645\u0631\u0643\u0632\u064a\u0629 \u0641\u064a \u0628\u0627\u064a\u0631\u0646 \u0641\u064a\u0645\u0627 \u064a\u062a\u0639\u0644\u0642 \u0628\u0645\u0648\u0636\u0648\u0639 \u0627\u0644\u0639\u0648\u062f\u0629 \u0627\u0644\u0637\u0648\u0639\u064a\u0629. \u200f\u0647\u0646\u0627 \u064a\u0645\u0643\u0646\u0643 \u0623\u064a\u0636\u0627\u064b \u0627\u0644\u062d\u0635\u0648\u0644 \u0639\u0644\u0649 \u0627\u0644\u062f\u0639\u0645 \u0627\u0644\u0645\u0627\u0644\u064a \u0644\u0631\u062d\u0644\u0629 \u0639\u0648\u062f\u062a\u0643 \u0648\u0627\u0644\u0628\u062f\u0627\u064a\u0629 \u0627\u0644\u062c\u062f\u064a\u062f\u0629 \u0641\u064a \u0648\u0637\u0646\u0643:\u200f<\/p>\n\t\t\t\t\t\t\t\t<\/div>\n\t\t\t\t<\/div>\n\t\t\t\t<div class=\"elementor-element elementor-element-676d45b elementor-widget elementor-widget-button\" data-id=\"676d45b\" data-element_type=\"widget\" data-e-type=\"widget\" data-widget_type=\"button.default\">\n\t\t\t\t<div class=\"elementor-widget-container\">\n\t\t\t\t\t\t\t\t\t<div class=\"elementor-button-wrapper\">\n\t\t\t\t\t<a class=\"elementor-button elementor-button-link elementor-size-sm elementor-animation-grow\" href=\"https:\/\/www.lfar.bayern.de\/lfar_im_ueberblick\/aufgabenbereiche\/freiwilligerueckkehr\/index.html\" target=\"_blank\">\n\t\t\t\t\t\t<span class=\"elementor-button-content-wrapper\">\n\t\t\t\t\t\t<span class=\"elementor-button-icon\">\n\t\t\t\t<i aria-hidden=\"true\" class=\"fas fa-external-link-alt\"><\/i>\t\t\t<\/span>\n\t\t\t\t\t\t\t\t\t<span class=\"elementor-button-text\">Landesamt f\u00fcr Asyl und R\u00fcckf\u00fchrungen<\/span>\n\t\t\t\t\t<\/span>\n\t\t\t\t\t<\/a>\n\t\t\t\t<\/div>\n\t\t\t\t\t\t\t\t<\/div>\n\t\t\t\t<\/div>\n\t\t\t\t<div class=\"elementor-element elementor-element-d039e8b elementor-widget elementor-widget-heading\" data-id=\"d039e8b\" data-element_type=\"widget\" data-e-type=\"widget\" data-widget_type=\"heading.default\">\n\t\t\t\t<div class=\"elementor-widget-container\">\n\t\t\t\t\t<h2 class=\"elementor-heading-title elementor-size-default\">\u200f\u0645\u0639\u0644\u0648\u0645\u0627\u062a \u0639\u0628\u0631 \u0627\u0644\u0625\u0646\u062a\u0631\u0646\u062a\u200f<\/h2>\t\t\t\t<\/div>\n\t\t\t\t<\/div>\n\t\t\t\t<div class=\"elementor-element elementor-element-209c36c elementor-widget elementor-widget-text-editor\" data-id=\"209c36c\" data-element_type=\"widget\" data-e-type=\"widget\" data-widget_type=\"text-editor.default\">\n\t\t\t\t<div class=\"elementor-widget-container\">\n\t\t\t\t\t\t\t\t\t<p data-pm-slice=\"1 1 []\">\u200f\u064a\u0645\u0643\u0646\u0643 \u0627\u0644\u0639\u062b\u0648\u0631 \u0639\u0644\u0649 \u0627\u0644\u0643\u062b\u064a\u0631 \u0645\u0646 \u0627\u0644\u0645\u0639\u0644\u0648\u0645\u0627\u062a \u062d\u0648\u0644 \u0647\u0630\u0627 \u0627\u0644\u0645\u0648\u0636\u0648\u0639 \u0647\u0646\u0627:\u200f<\/p>\n\t\t\t\t\t\t\t\t<\/div>\n\t\t\t\t<\/div>\n\t\t\t\t<div class=\"elementor-element elementor-element-4eda065 elementor-widget elementor-widget-button\" data-id=\"4eda065\" data-element_type=\"widget\" data-e-type=\"widget\" data-widget_type=\"button.default\">\n\t\t\t\t<div class=\"elementor-widget-container\">\n\t\t\t\t\t\t\t\t\t<div class=\"elementor-button-wrapper\">\n\t\t\t\t\t<a class=\"elementor-button elementor-button-link elementor-size-sm elementor-animation-grow\" href=\"https:\/\/www.returningfromgermany.de\/de\/\" target=\"_blank\">\n\t\t\t\t\t\t<span class=\"elementor-button-content-wrapper\">\n\t\t\t\t\t\t<span class=\"elementor-button-icon\">\n\t\t\t\t<i aria-hidden=\"true\" class=\"fas fa-external-link-alt\"><\/i>\t\t\t<\/span>\n\t\t\t\t\t\t\t\t\t<span class=\"elementor-button-text\">\u062a\u0635\u0641\u062d \u0627\u0644\u0639\u0648\u062f\u0629 \u0645\u0646 \u0623\u0644\u0645\u0627\u0646\u064a\u0627 Returning from Germany<\/span>\n\t\t\t\t\t<\/span>\n\t\t\t\t\t<\/a>\n\t\t\t\t<\/div>\n\t\t\t\t\t\t\t\t<\/div>\n\t\t\t\t<\/div>\n\t\t\t\t\t<\/div>\n\t\t<\/div>\n\t\t\t\t\t<\/div>\n\t\t<\/section>\n\t\t\t\t<\/div>\n\t\t","protected":false},"excerpt":{"rendered":"<p>\u0627\u0644\u0639\u0648\u062f\u0629 \u0625\u0644\u0649 \u0627\u0644\u0648\u0637\u0646 \u200f\u0623\u064a\u0646 \u064a\u0645\u0643\u0646\u0646\u064a \u0627\u0644\u0639\u062b\u0648\u0631 \u0639\u0644\u0649 \u0627\u0644\u0645\u0633\u0627\u0639\u062f\u0629 \u0625\u0630\u0627 \u0643\u0646\u062a \u0623\u0631\u063a\u0628 \u0641\u064a \u0627\u0644\u0639\u0648\u062f\u0629 \u0637\u0648\u0627\u0639\u064a\u0629 \u0625\u0644\u0649 \u0648\u0637\u0646\u064a\u061f\u200f \u0645\u062d\u062a\u0648\u0649 \u0627\u0644\u0635\u0641\u062d\u0629 \u0625\u0633\u062a\u0634\u0627\u0631\u0629 \u0627\u0644\u0639\u0648\u062f\u0629 \u200f\u0625\u0630\u0627 \u0643\u0646\u062a \u062a\u0641\u0643\u0631 \u0641\u064a \u0627\u0644\u0639\u0648\u062f\u0629 \u0627\u0644\u0637\u0648\u0639\u064a\u0629 \u0625\u0644\u0649 \u0648\u0637\u0646\u0643\u060c \u0641\u064a\u0645\u0643\u0646\u0643 \u0627\u0644\u062d\u0635\u0648\u0644 [&hellip;]<\/p>\n","protected":false},"author":2,"featured_media":0,"parent":8299,"menu_order":0,"comment_status":"closed","ping_status":"closed","template":"","meta":{"_angie_page":false,"_price":"","_stock":"","_tribe_ticket_header":"","_tribe_default_ticket_provider":"","_tribe_ticket_capacity":"0","_ticket_start_date":"","_ticket_end_date":"","_tribe_ticket_show_description":"","_tribe_ticket_show_not_going":false,"_tribe_ticket_use_global_stock":"","_tribe_ticket_global_stock_level":"","_global_stock_mode":"","_global_stock_cap":"","_tribe_rsvp_for_event":"","_tribe_ticket_going_count":"","_tribe_ticket_not_going_count":"","_tribe_tickets_list":"[]","_tribe_ticket_has_attendee_info_fields":false,"footnotes":""},"class_list":["post-8350","page","type-page","status-publish","hentry"],"_links":{"self":[{"href":"https:\/\/bamigra.de\/ar\/wp-json\/wp\/v2\/pages\/8350","targetHints":{"allow":["GET"]}}],"collection":[{"href":"https:\/\/bamigra.de\/ar\/wp-json\/wp\/v2\/pages"}],"about":[{"href":"https:\/\/bamigra.de\/ar\/wp-json\/wp\/v2\/types\/page"}],"author":[{"embeddable":true,"href":"https:\/\/bamigra.de\/ar\/wp-json\/wp\/v2\/users\/2"}],"replies":[{"embeddable":true,"href":"https:\/\/bamigra.de\/ar\/wp-json\/wp\/v2\/comments?post=8350"}],"version-history":[{"count":0,"href":"https:\/\/bamigra.de\/ar\/wp-json\/wp\/v2\/pages\/8350\/revisions"}],"up":[{"embeddable":true,"href":"https:\/\/bamigra.de\/ar\/wp-json\/wp\/v2\/pages\/8299"}],"wp:attachment":[{"href":"https:\/\/bamigra.de\/ar\/wp-json\/wp\/v2\/media?parent=8350"}],"curies":[{"name":"wp","href":"https:\/\/api.w.org\/{rel}","templated":true}]}}