{"id":8118,"date":"2021-12-21T19:25:17","date_gmt":"2021-12-21T18:25:17","guid":{"rendered":"https:\/\/bamigra.de\/%d8%a7%d9%84%d9%85%d9%88%d8%a7%d8%b6%d9%8a%d8%b9\/%d8%a7%d9%84%d8%b5%d8%ad%d8%a9\/%d8%a7%d9%84%d9%83%d8%b4%d9%81-%d8%a7%d9%84%d9%85%d8%a8%d9%83%d8%b1-%d9%88%d8%a7%d9%84%d9%81%d8%ad%d9%88%d8%b5%d8%a7%d8%aa\/"},"modified":"2023-03-09T20:26:06","modified_gmt":"2023-03-09T19:26:06","slug":"%d8%a7%d9%84%d9%83%d8%b4%d9%81-%d8%a7%d9%84%d9%85%d8%a8%d9%83%d8%b1-%d9%88%d8%a7%d9%84%d9%81%d8%ad%d9%88%d8%b5%d8%a7%d8%aa","status":"publish","type":"page","link":"https:\/\/bamigra.de\/ar\/%d8%a7%d9%84%d9%85%d9%88%d8%a7%d8%b6%d9%8a%d8%b9\/%d8%a7%d9%84%d8%b5%d8%ad%d8%a9\/%d8%a7%d9%84%d9%83%d8%b4%d9%81-%d8%a7%d9%84%d9%85%d8%a8%d9%83%d8%b1-%d9%88%d8%a7%d9%84%d9%81%d8%ad%d9%88%d8%b5%d8%a7%d8%aa\/","title":{"rendered":"\u0627\u0644\u0643\u0634\u0641 \u0627\u0644\u0645\u0628\u0643\u0631 \u0648\u0627\u0644\u0648\u0642\u0627\u064a\u0629"},"content":{"rendered":"\t\t<div data-elementor-type=\"wp-page\" data-elementor-id=\"8118\" class=\"elementor elementor-8118 elementor-1591\" data-elementor-post-type=\"page\">\n\t\t\t\t\t\t<section class=\"elementor-section elementor-top-section elementor-element elementor-element-687fe61 elementor-section-height-min-height elementor-section-boxed elementor-section-height-default elementor-section-items-middle\" data-id=\"687fe61\" data-element_type=\"section\" data-e-type=\"section\" data-settings=\"{&quot;background_background&quot;:&quot;classic&quot;,&quot;shape_divider_bottom&quot;:&quot;mountains&quot;}\">\n\t\t\t\t\t\t\t<div class=\"elementor-background-overlay\"><\/div>\n\t\t\t\t\t\t<div class=\"elementor-shape elementor-shape-bottom\" aria-hidden=\"true\" data-negative=\"false\">\n\t\t\t<svg xmlns=\"http:\/\/www.w3.org\/2000\/svg\" viewBox=\"0 0 1000 100\" preserveAspectRatio=\"none\">\n\t<path class=\"elementor-shape-fill\" opacity=\"0.33\" d=\"M473,67.3c-203.9,88.3-263.1-34-320.3,0C66,119.1,0,59.7,0,59.7V0h1000v59.7 c0,0-62.1,26.1-94.9,29.3c-32.8,3.3-62.8-12.3-75.8-22.1C806,49.6,745.3,8.7,694.9,4.7S492.4,59,473,67.3z\"\/>\n\t<path class=\"elementor-shape-fill\" opacity=\"0.66\" d=\"M734,67.3c-45.5,0-77.2-23.2-129.1-39.1c-28.6-8.7-150.3-10.1-254,39.1 s-91.7-34.4-149.2,0C115.7,118.3,0,39.8,0,39.8V0h1000v36.5c0,0-28.2-18.5-92.1-18.5C810.2,18.1,775.7,67.3,734,67.3z\"\/>\n\t<path class=\"elementor-shape-fill\" d=\"M766.1,28.9c-200-57.5-266,65.5-395.1,19.5C242,1.8,242,5.4,184.8,20.6C128,35.8,132.3,44.9,89.9,52.5C28.6,63.7,0,0,0,0 h1000c0,0-9.9,40.9-83.6,48.1S829.6,47,766.1,28.9z\"\/>\n<\/svg>\t\t<\/div>\n\t\t\t\t\t<div class=\"elementor-container elementor-column-gap-no\">\n\t\t\t\t\t<div class=\"elementor-column elementor-col-50 elementor-top-column elementor-element elementor-element-603253c\" data-id=\"603253c\" data-element_type=\"column\" data-e-type=\"column\">\n\t\t\t<div class=\"elementor-widget-wrap elementor-element-populated\">\n\t\t\t\t\t\t<div class=\"elementor-element elementor-element-31450a7 elementor-widget elementor-widget-heading\" data-id=\"31450a7\" data-element_type=\"widget\" data-e-type=\"widget\" data-widget_type=\"heading.default\">\n\t\t\t\t<div class=\"elementor-widget-container\">\n\t\t\t\t\t<h1 class=\"elementor-heading-title elementor-size-default\">\u0627\u0644\u0643\u0634\u0641 \u0627\u0644\u0645\u0628\u0643\u0631 \u0648\u0627\u0644\u0648\u0642\u0627\u064a\u0629<\/h1>\t\t\t\t<\/div>\n\t\t\t\t<\/div>\n\t\t\t\t<div class=\"elementor-element elementor-element-fa83115 elementor-widget-divider--view-line elementor-widget elementor-widget-divider\" data-id=\"fa83115\" data-element_type=\"widget\" data-e-type=\"widget\" data-widget_type=\"divider.default\">\n\t\t\t\t<div class=\"elementor-widget-container\">\n\t\t\t\t\t\t\t<div class=\"elementor-divider\">\n\t\t\t<span class=\"elementor-divider-separator\">\n\t\t\t\t\t\t<\/span>\n\t\t<\/div>\n\t\t\t\t\t\t<\/div>\n\t\t\t\t<\/div>\n\t\t\t\t<div class=\"elementor-element elementor-element-4f2df90 elementor-widget elementor-widget-text-editor\" data-id=\"4f2df90\" data-element_type=\"widget\" data-e-type=\"widget\" data-widget_type=\"text-editor.default\">\n\t\t\t\t<div class=\"elementor-widget-container\">\n\t\t\t\t\t\t\t\t\t<p data-pm-slice=\"1 1 []\">\u0647\u0646\u0627\u0643 \u0627\u0644\u0639\u062f\u064a\u062f \u0645\u0646 \u0627\u0644\u0641\u062d\u0648\u0635\u0627\u062a \u0627\u0644\u062a\u064a \u064a\u0645\u0643\u0646 \u0625\u0633\u062a\u062e\u062f\u0627\u0645\u0647\u0627 \u0644\u0644\u0643\u0634\u0641 \u0639\u0646 \u0627\u0644\u0623\u0645\u0631\u0627\u0636 \u0623\u0648 \u0627\u0644\u0625\u0639\u0627\u0642\u0627\u062a \u0644\u062f\u0649 \u0627\u0644\u0623\u0634\u062e\u0627\u0635 \u0641\u064a \u0645\u0631\u062d\u0644\u0629 \u0645\u0628\u0643\u0631\u0629. \u064a\u0637\u0644\u0642 \u0639\u0644\u064a\u0647\u0627 \u0627\u0644\u0641\u062d\u0648\u0635\u0627\u062a \u0627\u0644\u0637\u0628\u064a\u0629 \u0627\u0644\u0648\u0642\u0627\u0626\u064a\u0629. \u0645\u0646 \u062e\u0644\u0627\u0644 \u0647\u0630\u0647 \u0627\u0644\u0641\u062d\u0648\u0635\u0627\u062a\u060c \u064a\u0645\u0643\u0646 \u062a\u062d\u062f\u064a\u062f \u0627\u0644\u062e\u0637\u0631 \u0623\u0648 \u0627\u0644\u0645\u0631\u0636 \u0648\u0645\u0643\u0627\u0641\u062d\u062a\u0647\u0645\u0627 \u0628\u0633\u0631\u0639\u0629. \u0647\u0646\u0627\u0643 \u0627\u0644\u0639\u062f\u064a\u062f \u0645\u0646 \u0627\u0644\u0641\u062d\u0648\u0635\u0627\u062a \u0627\u0644\u0645\u0647\u0645\u0629 \u0648\u0627\u0644\u062a\u064a \u064a\u062a\u0645 \u062f\u0641\u0639 \u062a\u0643\u0627\u0644\u064a\u0641\u0647\u0627 \u0645\u0646 \u0642\u0628\u0644 \u0634\u0631\u0643\u0629 \u0627\u0644\u062a\u0623\u0645\u064a\u0646 \u0627\u0644\u0635\u062d\u064a.<\/p>\n\t\t\t\t\t\t\t\t<\/div>\n\t\t\t\t<\/div>\n\t\t\t\t\t<\/div>\n\t\t<\/div>\n\t\t\t\t<div class=\"elementor-column elementor-col-50 elementor-top-column elementor-element elementor-element-ee724cb\" data-id=\"ee724cb\" data-element_type=\"column\" data-e-type=\"column\">\n\t\t\t<div class=\"elementor-widget-wrap elementor-element-populated\">\n\t\t\t\t\t\t<div class=\"elementor-element elementor-element-51681fe elementor-widget elementor-widget-table-of-contents\" data-id=\"51681fe\" data-element_type=\"widget\" data-e-type=\"widget\" data-settings=\"{&quot;exclude_headings_by_selector&quot;:[],&quot;headings_by_tags&quot;:[&quot;h2&quot;,&quot;h3&quot;,&quot;h4&quot;,&quot;h5&quot;,&quot;h6&quot;],&quot;marker_view&quot;:&quot;numbers&quot;,&quot;no_headings_message&quot;:&quot;No headings were found on this page.&quot;,&quot;hierarchical_view&quot;:&quot;yes&quot;,&quot;min_height&quot;:{&quot;unit&quot;:&quot;px&quot;,&quot;size&quot;:&quot;&quot;,&quot;sizes&quot;:[]},&quot;min_height_tablet&quot;:{&quot;unit&quot;:&quot;px&quot;,&quot;size&quot;:&quot;&quot;,&quot;sizes&quot;:[]},&quot;min_height_mobile&quot;:{&quot;unit&quot;:&quot;px&quot;,&quot;size&quot;:&quot;&quot;,&quot;sizes&quot;:[]}}\" data-widget_type=\"table-of-contents.default\">\n\t\t\t\t<div class=\"elementor-widget-container\">\n\t\t\t\t\t\t\t\t\t<div class=\"elementor-toc__header\">\n\t\t\t\t\t\t<h2 class=\"elementor-toc__header-title\">\n\t\t\t\t\u0645\u062d\u062a\u0648\u0649 \u0627\u0644\u0635\u0641\u062d\u0629\t\t\t<\/h2>\n\t\t\t\t\t\t\t\t<\/div>\n\t\t\t\t<div id=\"elementor-toc__51681fe\" class=\"elementor-toc__body\">\n\t\t\t<div class=\"elementor-toc__spinner-container\">\n\t\t\t\t<i class=\"elementor-toc__spinner eicon-animation-spin eicon-loading\" aria-hidden=\"true\"><\/i>\t\t\t<\/div>\n\t\t<\/div>\n\t\t\t\t\t\t<\/div>\n\t\t\t\t<\/div>\n\t\t\t\t\t<\/div>\n\t\t<\/div>\n\t\t\t\t\t<\/div>\n\t\t<\/section>\n\t\t\t\t<section class=\"elementor-section elementor-top-section elementor-element elementor-element-15624fe3 elementor-section-boxed elementor-section-height-default elementor-section-height-default\" data-id=\"15624fe3\" data-element_type=\"section\" data-e-type=\"section\">\n\t\t\t\t\t\t<div class=\"elementor-container elementor-column-gap-default\">\n\t\t\t\t\t<div class=\"elementor-column elementor-col-100 elementor-top-column elementor-element elementor-element-5199b79a\" data-id=\"5199b79a\" data-element_type=\"column\" data-e-type=\"column\">\n\t\t\t<div class=\"elementor-widget-wrap elementor-element-populated\">\n\t\t\t\t\t\t<div class=\"elementor-element elementor-element-295cfaba elementor-widget elementor-widget-heading\" data-id=\"295cfaba\" data-element_type=\"widget\" data-e-type=\"widget\" data-widget_type=\"heading.default\">\n\t\t\t\t<div class=\"elementor-widget-container\">\n\t\t\t\t\t<h2 class=\"elementor-heading-title elementor-size-default\">\u0646\u0638\u0631\u0629 \u0639\u0627\u0645\u0629 \u0639\u0644\u0649 \u0627\u0644\u062a\u062f\u0627\u0628\u064a\u0631 \u0627\u0644\u0645\u0645\u0643\u0646\u0629<\/h2>\t\t\t\t<\/div>\n\t\t\t\t<\/div>\n\t\t\t\t<div class=\"elementor-element elementor-element-a246fca elementor-icon-list--layout-traditional elementor-list-item-link-full_width elementor-widget elementor-widget-icon-list\" data-id=\"a246fca\" data-element_type=\"widget\" data-e-type=\"widget\" data-widget_type=\"icon-list.default\">\n\t\t\t\t<div class=\"elementor-widget-container\">\n\t\t\t\t\t\t\t<ul class=\"elementor-icon-list-items\">\n\t\t\t\t\t\t\t<li class=\"elementor-icon-list-item\">\n\t\t\t\t\t\t\t\t\t\t\t<span class=\"elementor-icon-list-icon\">\n\t\t\t\t\t\t\t<i aria-hidden=\"true\" class=\"fas fa-exclamation-circle\"><\/i>\t\t\t\t\t\t<\/span>\n\t\t\t\t\t\t\t\t\t\t<span class=\"elementor-icon-list-text\">\u0625\u0633\u062a\u0639\u0644\u0645 \u0639\u0646 \u0627\u0644\u0645\u0632\u064a\u062f \u0645\u0646 \u0627\u0644\u0645\u0639\u0644\u0648\u0645\u0627\u062a \u0645\u0646 \u0637\u0628\u064a\u0628\u062a\u0643 \/ \u0637\u0628\u064a\u0628\u0643:<\/span>\n\t\t\t\t\t\t\t\t\t<\/li>\n\t\t\t\t\t\t<\/ul>\n\t\t\t\t\t\t<\/div>\n\t\t\t\t<\/div>\n\t\t\t\t<div class=\"elementor-element elementor-element-a685661 elementor-widget elementor-widget-text-editor\" data-id=\"a685661\" data-element_type=\"widget\" data-e-type=\"widget\" data-widget_type=\"text-editor.default\">\n\t\t\t\t<div class=\"elementor-widget-container\">\n\t\t\t\t\t\t\t\t\t<ul>\n<li>\n<p><strong>\u0627\u0644\u0641\u062d\u0648\u0635\u0627\u062a \u0627\u0644\u0637\u0628\u064a\u0629 \u0627\u0644\u0648\u0642\u0627\u0626\u064a\u0629 \u062e\u0644\u0627\u0644 \u0627\u0644\u062d\u0645\u0644<\/strong><br \/>\u0647\u0646\u0627 \u064a\u0645\u0643\u0646 \u0627\u0644\u062a\u0639\u0631\u0641 \u0639\u0644\u0649 \u0623\u0645\u0631\u0627\u0636 \u0627\u0644\u0623\u0637\u0641\u0627\u0644 \u062d\u062a\u0649 \u0642\u0628\u0644 \u0627\u0644\u0648\u0644\u0627\u062f\u0629. \u0628\u0647\u0630\u0647 \u0627\u0644\u0637\u0631\u064a\u0642\u0629 \u064a\u0645\u0643\u0646\u0643 \u0627\u0644\u062a\u0643\u064a\u0641 \u0628\u0634\u0643\u0644 \u0623\u0641\u0636\u0644 \u0645\u0639 \u0645\u0631\u0636 \u0623\u0648 \u0625\u0639\u0627\u0642\u0629 \u0645\u062d\u062a\u0645\u0644\u0629 \u0644\u0637\u0641\u0644\u0643.<\/p>\n<\/li>\n<li>\n<p><strong>\u0627\u0644\u0641\u062d\u0648\u0635\u0627\u062a \u0627\u0644\u0635\u062d\u064a\u0629 \u0639\u0646\u062f \u0627\u0644\u0623\u0637\u0641\u0627\u0644<\/strong><br \/>\u064a\u062a\u0645 \u0625\u062c\u0631\u0627\u0621 \u0641\u062d\u0648\u0635\u0627\u062a U1 \u0625\u0644\u0649 U9 \u0644\u0644\u0623\u0637\u0641\u0627\u0644 \u0645\u0646\u0630 \u0627\u0644\u0648\u0644\u0627\u062f\u0629 \u0648\u062d\u062a\u0649 \u0646\u0647\u0627\u064a\u0629 \u0627\u0644\u0633\u0646\u0629 \u0627\u0644\u0633\u0627\u062f\u0633\u0629. \u200f\u0644\u0644\u0645\u0631\u0627\u0647\u0642\u064a\u0646 \u0647\u0646\u0627\u0643 J1 (12-14 \u0633\u0646\u0629) \u0648 J2 (16-17 \u0633\u0646\u0629).\u200f<\/p>\n<\/li>\n<li>\n<p><strong>\u0627\u0644\u0644\u0642\u0627\u062d\u0627\u062a \u0627\u0644\u0648\u0642\u0627\u0626\u064a\u0629<\/strong><br \/>\u064a\u0645\u0643\u0646 \u0644\u0637\u0628\u064a\u0628\u062a\u0643 \/ \u0637\u0628\u064a\u0628\u0643 \u0623\u0646 \u064a\u062e\u0628\u0631\u0643 \u0628\u0627\u0644\u0623\u0645\u0631\u0627\u0636 \u0627\u0644\u062a\u064a \u064a\u0645\u0643\u0646\u0643 \u0623\u0648 \u064a\u062c\u0628 \u0639\u0644\u064a\u0643 \u0623\u0646 \u062a\u062a\u0644\u0642\u062d \u0623\u0646\u062a \u0648\u0623\u0637\u0641\u0627\u0644\u0643 \u0636\u062f\u0647\u0627.<\/p>\n<\/li>\n<li>\n<p><strong>\u0627\u0644\u0639\u0646\u0627\u064a\u0629 \u0628\u0627\u0644\u0623\u0633\u0646\u0627\u0646<\/strong><br \/>\u0625\u0630\u0627 \u0643\u0646\u062a \u062a\u0630\u0647\u0628 \u062f\u0627\u0626\u0645\u0627\u064b \u0644\u0625\u062c\u0631\u0627\u0621 \u0641\u062d\u0635 \u0637\u0628\u064a \u062f\u0648\u0631\u064a \u0645\u0631\u0629 \u0648\u0627\u062d\u062f\u0629 \u0641\u064a \u0627\u0644\u0633\u0646\u0629\u060c \u0641\u0633\u0648\u0641 \u064a\u062f\u0641\u0639 \u0627\u0644\u062a\u0623\u0645\u064a\u0646 \u0627\u0644\u0635\u062d\u064a \u0623\u0643\u062b\u0631 \u0625\u0630\u0627 \u0643\u0627\u0646 \u0644\u0627\u0628\u062f \u0645\u0646 \u0625\u0633\u062a\u0628\u062f\u0627\u0644 \u0623\u0633\u0646\u0627\u0646\u0643 \u0641\u064a \u0639\u0645\u0631 \u0645\u062a\u0642\u062f\u0645.<\/p>\n<\/li>\n<li>\n<p><strong>\u0627\u0644\u0643\u0634\u0641 \u0627\u0644\u0645\u0628\u0643\u0631 \u0639\u0646 \u0627\u0644\u0633\u0631\u0637\u0627\u0646<\/strong><br \/>\u0641\u064a \u062d\u0627\u0644\u0629 \u0627\u0644\u0639\u062f\u064a\u062f \u0645\u0646 \u0623\u0645\u0631\u0627\u0636 \u0627\u0644\u0633\u0631\u0637\u0627\u0646\u060c \u062a\u0643\u0648\u0646 \u0641\u0631\u0635\u0629 \u0627\u0644\u0639\u0644\u0627\u062c \u0639\u0627\u0644\u064a\u0629 \u062c\u062f\u0627\u064b \u0625\u0630\u0627 \u062a\u0645 \u0627\u0644\u062a\u0639\u0631\u0641 \u0639\u0644\u064a\u0647\u0627 \u0641\u064a \u0627\u0644\u0648\u0642\u062a \u0627\u0644\u0645\u0646\u0627\u0633\u0628. \u064a\u062c\u0628 \u0639\u0644\u0649 \u0627\u0644\u0646\u0633\u0627\u0621 \u0627\u0644\u0630\u0647\u0627\u0628 \u0625\u0644\u0649 \u0627\u0644\u0637\u0628\u064a\u0628\u0629 \u0627\u0644\u0646\u0633\u0627\u0626\u064a\u0629 \/ \u0627\u0644\u0637\u0628\u064a\u0628 \u0627\u0644\u0646\u0633\u0627\u0626\u064a \u0628\u0627\u0646\u062a\u0638\u0627\u0645 \u0644\u0625\u062c\u0631\u0627\u0621 \u0627\u0644\u0641\u062d\u0648\u0635\u0627\u062a. \u064a\u0648\u0635\u0649 \u0623\u064a\u0636\u0627\u064b \u0628\u0641\u062d\u0635 \u0633\u0631\u0637\u0627\u0646 \u0627\u0644\u0628\u0631\u0648\u0633\u062a\u0627\u062a \u0644\u0644\u0631\u062c\u0627\u0644 \u0627\u0628\u062a\u062f\u0627\u0621\u0627\u064b \u0645\u0646 \u0639\u0645\u0631 45 \u0639\u0627\u0645\u0627\u064b. \u0627\u0628\u062a\u062f\u0627\u0621\u0627\u064b \u0645\u0646 \u0639\u0645\u0631 35 \u0639\u0627\u0645\u0627\u064b\u060c \u064a\u062f\u0641\u0639 \u0627\u0644\u062a\u0623\u0645\u064a\u0646 \u0627\u0644\u0635\u062d\u064a \u0623\u064a\u0636\u0627\u064b \u062a\u0643\u0627\u0644\u064a\u0641 \u0627\u0644\u0641\u062d\u0635 \u0627\u0644\u062c\u0644\u062f\u064a.<\/p>\n<\/li>\n<li>\n<p><strong>\u0641\u062d\u0635\u0648\u0635\u0627\u062a \u0627\u0644\u0635\u062d\u0629<\/strong><br \/>\u0625\u0633\u0623\u0644 \u0637\u0628\u064a\u0628\u062a\u0643 \/ \u0637\u0628\u064a\u0628\u0643 \u0639\u0646 \u0627\u0644\u0641\u062d\u0648\u0635\u0627\u062a \u0627\u0644\u062a\u064a \u064a\u0645\u0643\u0646 \u0623\u0646 \u062a\u0633\u0627\u0639\u062f \u0641\u064a \u062a\u0634\u062e\u064a\u0635 \u0645\u0631\u0636 \u0627\u0644\u0633\u0643\u0631\u064a \u0623\u0648 \u0645\u0634\u0627\u0643\u0644 \u0627\u0644\u0642\u0644\u0628 \u0623\u0648 \u0623\u0645\u0631\u0627\u0636 \u0627\u0644\u0643\u0644\u0649.<\/p>\n<\/li>\n<\/ul>\n\t\t\t\t\t\t\t\t<\/div>\n\t\t\t\t<\/div>\n\t\t\t\t<div class=\"elementor-element elementor-element-d903f07 elementor-widget elementor-widget-heading\" data-id=\"d903f07\" data-element_type=\"widget\" data-e-type=\"widget\" data-widget_type=\"heading.default\">\n\t\t\t\t<div class=\"elementor-widget-container\">\n\t\t\t\t\t<h2 class=\"elementor-heading-title elementor-size-default\">\u0627\u0644\u0645\u0639\u0644\u0648\u0645\u0627\u062a \u0639\u0628\u0631 \u0627\u0644\u0625\u0646\u062a\u0631\u0646\u062a<\/h2>\t\t\t\t<\/div>\n\t\t\t\t<\/div>\n\t\t\t\t<div class=\"elementor-element elementor-element-bdca7c6 elementor-icon-list--layout-traditional elementor-list-item-link-full_width elementor-widget elementor-widget-icon-list\" data-id=\"bdca7c6\" data-element_type=\"widget\" data-e-type=\"widget\" data-widget_type=\"icon-list.default\">\n\t\t\t\t<div class=\"elementor-widget-container\">\n\t\t\t\t\t\t\t<ul class=\"elementor-icon-list-items\">\n\t\t\t\t\t\t\t<li class=\"elementor-icon-list-item\">\n\t\t\t\t\t\t\t\t\t\t\t<span class=\"elementor-icon-list-icon\">\n\t\t\t\t\t\t\t<i aria-hidden=\"true\" class=\"fas fa-exclamation-circle\"><\/i>\t\t\t\t\t\t<\/span>\n\t\t\t\t\t\t\t\t\t\t<span class=\"elementor-icon-list-text\">\u0633\u062a\u062c\u062f \u0647\u0646\u0627 \u0627\u0644\u0645\u0632\u064a\u062f \u0645\u0646 \u0627\u0644\u0645\u0639\u0644\u0648\u0645\u0627\u062a:<\/span>\n\t\t\t\t\t\t\t\t\t<\/li>\n\t\t\t\t\t\t<\/ul>\n\t\t\t\t\t\t<\/div>\n\t\t\t\t<\/div>\n\t\t\t\t<div class=\"elementor-element elementor-element-a2c27a4 elementor-widget elementor-widget-button\" data-id=\"a2c27a4\" data-element_type=\"widget\" data-e-type=\"widget\" data-widget_type=\"button.default\">\n\t\t\t\t<div class=\"elementor-widget-container\">\n\t\t\t\t\t\t\t\t\t<div class=\"elementor-button-wrapper\">\n\t\t\t\t\t<a class=\"elementor-button elementor-button-link elementor-size-sm elementor-animation-grow\" href=\"https:\/\/www.bundesgesundheitsministerium.de\/themen\/krankenversicherung\/online-ratgeber-krankenversicherung\/medizinische-versorgung-und-leistungen-der-krankenversicherung\/frueherkennung.html\" target=\"_blank\">\n\t\t\t\t\t\t<span class=\"elementor-button-content-wrapper\">\n\t\t\t\t\t\t<span class=\"elementor-button-icon\">\n\t\t\t\t<i aria-hidden=\"true\" class=\"fas fa-external-link-alt\"><\/i>\t\t\t<\/span>\n\t\t\t\t\t\t\t\t\t<span class=\"elementor-button-text\">\u062a\u0635\u0641\u062d \u0646\u0638\u0631\u0629 \u0639\u0627\u0645\u0629 \u0639\u0646 \u0627\u0644\u0641\u062d\u0648\u0635\u0627\u062a \u0627\u0644\u0645\u0628\u0643\u0631\u0629 \u00dcbersicht \u00fcber Fr\u00fcherkennungsuntersuchungen<\/span>\n\t\t\t\t\t<\/span>\n\t\t\t\t\t<\/a>\n\t\t\t\t<\/div>\n\t\t\t\t\t\t\t\t<\/div>\n\t\t\t\t<\/div>\n\t\t\t\t\t<\/div>\n\t\t<\/div>\n\t\t\t\t\t<\/div>\n\t\t<\/section>\n\t\t\t\t<section class=\"elementor-section elementor-top-section elementor-element elementor-element-7762b320 elementor-section-boxed elementor-section-height-default elementor-section-height-default\" data-id=\"7762b320\" data-element_type=\"section\" data-e-type=\"section\">\n\t\t\t\t\t\t<div class=\"elementor-container elementor-column-gap-default\">\n\t\t\t\t\t<div class=\"elementor-column elementor-col-100 elementor-top-column elementor-element elementor-element-7454cad\" data-id=\"7454cad\" data-element_type=\"column\" data-e-type=\"column\">\n\t\t\t<div class=\"elementor-widget-wrap\">\n\t\t\t\t\t\t\t<\/div>\n\t\t<\/div>\n\t\t\t\t\t<\/div>\n\t\t<\/section>\n\t\t\t\t<\/div>\n\t\t","protected":false},"excerpt":{"rendered":"<p>\u0627\u0644\u0643\u0634\u0641 \u0627\u0644\u0645\u0628\u0643\u0631 \u0648\u0627\u0644\u0648\u0642\u0627\u064a\u0629 \u0647\u0646\u0627\u0643 \u0627\u0644\u0639\u062f\u064a\u062f \u0645\u0646 \u0627\u0644\u0641\u062d\u0648\u0635\u0627\u062a \u0627\u0644\u062a\u064a \u064a\u0645\u0643\u0646 \u0625\u0633\u062a\u062e\u062f\u0627\u0645\u0647\u0627 \u0644\u0644\u0643\u0634\u0641 \u0639\u0646 \u0627\u0644\u0623\u0645\u0631\u0627\u0636 \u0623\u0648 \u0627\u0644\u0625\u0639\u0627\u0642\u0627\u062a \u0644\u062f\u0649 \u0627\u0644\u0623\u0634\u062e\u0627\u0635 \u0641\u064a \u0645\u0631\u062d\u0644\u0629 \u0645\u0628\u0643\u0631\u0629. \u064a\u0637\u0644\u0642 \u0639\u0644\u064a\u0647\u0627 \u0627\u0644\u0641\u062d\u0648\u0635\u0627\u062a \u0627\u0644\u0637\u0628\u064a\u0629 \u0627\u0644\u0648\u0642\u0627\u0626\u064a\u0629. \u0645\u0646 \u062e\u0644\u0627\u0644 \u0647\u0630\u0647 \u0627\u0644\u0641\u062d\u0648\u0635\u0627\u062a\u060c \u064a\u0645\u0643\u0646 [&hellip;]<\/p>\n","protected":false},"author":2,"featured_media":0,"parent":4787,"menu_order":0,"comment_status":"closed","ping_status":"closed","template":"","meta":{"_angie_page":false,"_price":"","_stock":"","_tribe_ticket_header":"","_tribe_default_ticket_provider":"","_tribe_ticket_capacity":"0","_ticket_start_date":"","_ticket_end_date":"","_tribe_ticket_show_description":"","_tribe_ticket_show_not_going":false,"_tribe_ticket_use_global_stock":"","_tribe_ticket_global_stock_level":"","_global_stock_mode":"","_global_stock_cap":"","_tribe_rsvp_for_event":"","_tribe_ticket_going_count":"","_tribe_ticket_not_going_count":"","_tribe_tickets_list":"[]","_tribe_ticket_has_attendee_info_fields":false,"footnotes":""},"class_list":["post-8118","page","type-page","status-publish","hentry"],"_links":{"self":[{"href":"https:\/\/bamigra.de\/ar\/wp-json\/wp\/v2\/pages\/8118","targetHints":{"allow":["GET"]}}],"collection":[{"href":"https:\/\/bamigra.de\/ar\/wp-json\/wp\/v2\/pages"}],"about":[{"href":"https:\/\/bamigra.de\/ar\/wp-json\/wp\/v2\/types\/page"}],"author":[{"embeddable":true,"href":"https:\/\/bamigra.de\/ar\/wp-json\/wp\/v2\/users\/2"}],"replies":[{"embeddable":true,"href":"https:\/\/bamigra.de\/ar\/wp-json\/wp\/v2\/comments?post=8118"}],"version-history":[{"count":0,"href":"https:\/\/bamigra.de\/ar\/wp-json\/wp\/v2\/pages\/8118\/revisions"}],"up":[{"embeddable":true,"href":"https:\/\/bamigra.de\/ar\/wp-json\/wp\/v2\/pages\/4787"}],"wp:attachment":[{"href":"https:\/\/bamigra.de\/ar\/wp-json\/wp\/v2\/media?parent=8118"}],"curies":[{"name":"wp","href":"https:\/\/api.w.org\/{rel}","templated":true}]}}