{"id":7692,"date":"2021-12-21T09:26:23","date_gmt":"2021-12-21T08:26:23","guid":{"rendered":"https:\/\/bamigra.de\/%d8%a7%d9%84%d9%85%d9%88%d8%a7%d8%b6%d9%8a%d8%b9\/%d8%a7%d9%84%d8%ad%d9%8a%d8%a7%d8%a9-%d8%a7%d9%84%d9%8a%d9%88%d9%85%d9%8a%d8%a9\/%d8%a7%d9%84%d8%a5%d9%86%d8%aa%d8%b1%d9%86%d8%aa-%d9%88-wifi-%d9%85%d8%ac%d8%a7%d9%86%d9%8a\/"},"modified":"2023-03-09T20:55:22","modified_gmt":"2023-03-09T19:55:22","slug":"%d8%a7%d9%84%d8%a5%d9%86%d8%aa%d8%b1%d9%86%d8%aa-%d9%88-wifi-%d9%85%d8%ac%d8%a7%d9%86%d9%8a","status":"publish","type":"page","link":"https:\/\/bamigra.de\/ar\/%d8%a7%d9%84%d9%85%d9%88%d8%a7%d8%b6%d9%8a%d8%b9\/%d8%a7%d9%84%d8%ad%d9%8a%d8%a7%d8%a9-%d8%a7%d9%84%d9%8a%d9%88%d9%85%d9%8a%d8%a9\/%d8%a7%d9%84%d8%a5%d9%86%d8%aa%d8%b1%d9%86%d8%aa-%d9%88-wifi-%d9%85%d8%ac%d8%a7%d9%86%d9%8a\/","title":{"rendered":"\u0627\u0644\u0625\u0646\u062a\u0631\u0646\u062a \u0648 Wifi \u0645\u062c\u0627\u0646\u064a"},"content":{"rendered":"\t\t<div data-elementor-type=\"wp-page\" data-elementor-id=\"7692\" class=\"elementor elementor-7692 elementor-5904\" data-elementor-post-type=\"page\">\n\t\t\t\t\t\t<section class=\"elementor-section elementor-top-section elementor-element elementor-element-da6ad4f elementor-section-height-min-height elementor-section-boxed elementor-section-height-default elementor-section-items-middle\" data-id=\"da6ad4f\" data-element_type=\"section\" data-e-type=\"section\" data-settings=\"{&quot;background_background&quot;:&quot;classic&quot;,&quot;shape_divider_bottom&quot;:&quot;mountains&quot;}\">\n\t\t\t\t\t\t\t<div class=\"elementor-background-overlay\"><\/div>\n\t\t\t\t\t\t<div class=\"elementor-shape elementor-shape-bottom\" aria-hidden=\"true\" data-negative=\"false\">\n\t\t\t<svg xmlns=\"http:\/\/www.w3.org\/2000\/svg\" viewBox=\"0 0 1000 100\" preserveAspectRatio=\"none\">\n\t<path class=\"elementor-shape-fill\" opacity=\"0.33\" d=\"M473,67.3c-203.9,88.3-263.1-34-320.3,0C66,119.1,0,59.7,0,59.7V0h1000v59.7 c0,0-62.1,26.1-94.9,29.3c-32.8,3.3-62.8-12.3-75.8-22.1C806,49.6,745.3,8.7,694.9,4.7S492.4,59,473,67.3z\"\/>\n\t<path class=\"elementor-shape-fill\" opacity=\"0.66\" d=\"M734,67.3c-45.5,0-77.2-23.2-129.1-39.1c-28.6-8.7-150.3-10.1-254,39.1 s-91.7-34.4-149.2,0C115.7,118.3,0,39.8,0,39.8V0h1000v36.5c0,0-28.2-18.5-92.1-18.5C810.2,18.1,775.7,67.3,734,67.3z\"\/>\n\t<path class=\"elementor-shape-fill\" d=\"M766.1,28.9c-200-57.5-266,65.5-395.1,19.5C242,1.8,242,5.4,184.8,20.6C128,35.8,132.3,44.9,89.9,52.5C28.6,63.7,0,0,0,0 h1000c0,0-9.9,40.9-83.6,48.1S829.6,47,766.1,28.9z\"\/>\n<\/svg>\t\t<\/div>\n\t\t\t\t\t<div class=\"elementor-container elementor-column-gap-no\">\n\t\t\t\t\t<div class=\"elementor-column elementor-col-50 elementor-top-column elementor-element elementor-element-443a9f3\" data-id=\"443a9f3\" data-element_type=\"column\" data-e-type=\"column\">\n\t\t\t<div class=\"elementor-widget-wrap elementor-element-populated\">\n\t\t\t\t\t\t<div class=\"elementor-element elementor-element-4e27bfa elementor-widget elementor-widget-heading\" data-id=\"4e27bfa\" data-element_type=\"widget\" data-e-type=\"widget\" data-widget_type=\"heading.default\">\n\t\t\t\t<div class=\"elementor-widget-container\">\n\t\t\t\t\t<h1 class=\"elementor-heading-title elementor-size-default\">\u0627\u0644\u0625\u0646\u062a\u0631\u0646\u062a \u0648 Wifi \u0645\u062c\u0627\u0646\u064a<\/h1>\t\t\t\t<\/div>\n\t\t\t\t<\/div>\n\t\t\t\t<div class=\"elementor-element elementor-element-a5318b5 elementor-widget-divider--view-line elementor-widget elementor-widget-divider\" data-id=\"a5318b5\" data-element_type=\"widget\" data-e-type=\"widget\" data-widget_type=\"divider.default\">\n\t\t\t\t<div class=\"elementor-widget-container\">\n\t\t\t\t\t\t\t<div class=\"elementor-divider\">\n\t\t\t<span class=\"elementor-divider-separator\">\n\t\t\t\t\t\t<\/span>\n\t\t<\/div>\n\t\t\t\t\t\t<\/div>\n\t\t\t\t<\/div>\n\t\t\t\t<div class=\"elementor-element elementor-element-af1af28 elementor-widget elementor-widget-text-editor\" data-id=\"af1af28\" data-element_type=\"widget\" data-e-type=\"widget\" data-widget_type=\"text-editor.default\">\n\t\t\t\t<div class=\"elementor-widget-container\">\n\t\t\t\t\t\t\t\t\t<p>\u062a\u0648\u062c\u062f \u0623\u0645\u0627\u0643\u0646 \u0645\u062e\u062a\u0644\u0641\u0629 \u0641\u064a \u0628\u0627\u0645\u0628\u0631\u063a \u062d\u064a\u062b \u064a\u0645\u0643\u0646\u0643 \u0627\u0644\u0648\u0635\u0648\u0644 \u0625\u0644\u0649 \u0627\u0644\u0625\u0646\u062a\u0631\u0646\u062a \u0645\u062c\u0627\u0646\u0627\u064b.<\/p>\n\t\t\t\t\t\t\t\t<\/div>\n\t\t\t\t<\/div>\n\t\t\t\t\t<\/div>\n\t\t<\/div>\n\t\t\t\t<div class=\"elementor-column elementor-col-50 elementor-top-column elementor-element elementor-element-d445c5b\" data-id=\"d445c5b\" data-element_type=\"column\" data-e-type=\"column\">\n\t\t\t<div class=\"elementor-widget-wrap elementor-element-populated\">\n\t\t\t\t\t\t<div class=\"elementor-element elementor-element-fdaf930 elementor-widget elementor-widget-table-of-contents\" data-id=\"fdaf930\" data-element_type=\"widget\" data-e-type=\"widget\" data-settings=\"{&quot;exclude_headings_by_selector&quot;:[],&quot;headings_by_tags&quot;:[&quot;h2&quot;,&quot;h3&quot;,&quot;h4&quot;,&quot;h5&quot;,&quot;h6&quot;],&quot;marker_view&quot;:&quot;numbers&quot;,&quot;no_headings_message&quot;:&quot;No headings were found on this page.&quot;,&quot;hierarchical_view&quot;:&quot;yes&quot;,&quot;min_height&quot;:{&quot;unit&quot;:&quot;px&quot;,&quot;size&quot;:&quot;&quot;,&quot;sizes&quot;:[]},&quot;min_height_tablet&quot;:{&quot;unit&quot;:&quot;px&quot;,&quot;size&quot;:&quot;&quot;,&quot;sizes&quot;:[]},&quot;min_height_mobile&quot;:{&quot;unit&quot;:&quot;px&quot;,&quot;size&quot;:&quot;&quot;,&quot;sizes&quot;:[]}}\" data-widget_type=\"table-of-contents.default\">\n\t\t\t\t<div class=\"elementor-widget-container\">\n\t\t\t\t\t\t\t\t\t<div class=\"elementor-toc__header\">\n\t\t\t\t\t\t<h2 class=\"elementor-toc__header-title\">\n\t\t\t\t\u0645\u062d\u062a\u0648\u0649 \u0627\u0644\u0635\u0641\u062d\u0629\t\t\t<\/h2>\n\t\t\t\t\t\t\t\t<\/div>\n\t\t\t\t<div id=\"elementor-toc__fdaf930\" class=\"elementor-toc__body\">\n\t\t\t<div class=\"elementor-toc__spinner-container\">\n\t\t\t\t<i class=\"elementor-toc__spinner eicon-animation-spin eicon-loading\" aria-hidden=\"true\"><\/i>\t\t\t<\/div>\n\t\t<\/div>\n\t\t\t\t\t\t<\/div>\n\t\t\t\t<\/div>\n\t\t\t\t\t<\/div>\n\t\t<\/div>\n\t\t\t\t\t<\/div>\n\t\t<\/section>\n\t\t\t\t<section class=\"elementor-section elementor-top-section elementor-element elementor-element-4ce08927 elementor-section-boxed elementor-section-height-default elementor-section-height-default\" data-id=\"4ce08927\" data-element_type=\"section\" data-e-type=\"section\">\n\t\t\t\t\t\t<div class=\"elementor-container elementor-column-gap-default\">\n\t\t\t\t\t<div class=\"elementor-column elementor-col-100 elementor-top-column elementor-element elementor-element-59d97424\" data-id=\"59d97424\" data-element_type=\"column\" data-e-type=\"column\">\n\t\t\t<div class=\"elementor-widget-wrap elementor-element-populated\">\n\t\t\t\t\t\t<div class=\"elementor-element elementor-element-c8cf850 elementor-widget elementor-widget-heading\" data-id=\"c8cf850\" data-element_type=\"widget\" data-e-type=\"widget\" data-widget_type=\"heading.default\">\n\t\t\t\t<div class=\"elementor-widget-container\">\n\t\t\t\t\t<h2 class=\"elementor-heading-title elementor-size-default\">\u0646\u0642\u0627\u0637 \u0627\u062a\u0635\u0627\u0644 Wifi \u0645\u062c\u0627\u0646\u064a\u0629 \u0641\u064a \u0628\u0627\u0645\u0628\u0631\u063a<\/h2>\t\t\t\t<\/div>\n\t\t\t\t<\/div>\n\t\t\t\t<div class=\"elementor-element elementor-element-26ebbdce elementor-widget elementor-widget-text-editor\" data-id=\"26ebbdce\" data-element_type=\"widget\" data-e-type=\"widget\" data-widget_type=\"text-editor.default\">\n\t\t\t\t<div class=\"elementor-widget-container\">\n\t\t\t\t\t\t\t\t\t<p data-pm-slice=\"1 1 []\">\u064a\u0645\u0643\u0646\u0643 \u0627\u0633\u062a\u062e\u062f\u0627\u0645 \u0627\u0644\u0625\u0646\u062a\u0631\u0646\u062a \u0627\u0644\u0645\u062c\u0627\u0646\u064a \u0641\u064a \u0647\u0630\u0647 \u0627\u0644\u0645\u0648\u0627\u0642\u0639 \u0641\u064a \u0628\u0627\u0645\u0628\u0631\u063a:<\/p>\n\t\t\t\t\t\t\t\t<\/div>\n\t\t\t\t<\/div>\n\t\t\t\t<div class=\"elementor-element elementor-element-4642f0 elementor-widget elementor-widget-text-editor\" data-id=\"4642f0\" data-element_type=\"widget\" data-e-type=\"widget\" data-widget_type=\"text-editor.default\">\n\t\t\t\t<div class=\"elementor-widget-container\">\n\t\t\t\t\t\t\t\t\t<ul>\n<li>\n<p>Maxplatz (Rathausplatz)<\/p>\n<\/li>\n<li>\n<p>ZOB (gro\u00dfer Busbahnhof)<\/p>\n<\/li>\n<li>\n<p>Bahnhof<\/p>\n<\/li>\n<li>Blaue Frieda (Sch\u00fctzenstra\u00dfe 2a)<\/li>\n<li>Stadtb\u00fccherei (Obere K\u00f6nigstra\u00dfe 4a)<\/li>\n<\/ul>\n\t\t\t\t\t\t\t\t<\/div>\n\t\t\t\t<\/div>\n\t\t\t\t<div class=\"elementor-element elementor-element-72e2513 elementor-widget elementor-widget-text-editor\" data-id=\"72e2513\" data-element_type=\"widget\" data-e-type=\"widget\" data-widget_type=\"text-editor.default\">\n\t\t\t\t<div class=\"elementor-widget-container\">\n\t\t\t\t\t\t\t\t\t<p data-pm-slice=\"1 1 []\">\u064a\u0645\u0643\u0646\u0643 \u0647\u0646\u0627 \u0627\u0644\u0639\u062b\u0648\u0631 \u0639\u0644\u0649 \u0646\u0642\u0627\u0637 \u0627\u0644\u0627\u062a\u0635\u0627\u0644 \u0627\u0644\u0645\u062c\u0627\u0646\u064a\u0629 \u0644\u0640 BayernWLAN:<\/p>\n\t\t\t\t\t\t\t\t<\/div>\n\t\t\t\t<\/div>\n\t\t\t\t<div class=\"elementor-element elementor-element-2198b9a8 elementor-widget elementor-widget-button\" data-id=\"2198b9a8\" data-element_type=\"widget\" data-e-type=\"widget\" data-widget_type=\"button.default\">\n\t\t\t\t<div class=\"elementor-widget-container\">\n\t\t\t\t\t\t\t\t\t<div class=\"elementor-button-wrapper\">\n\t\t\t\t\t<a class=\"elementor-button elementor-button-link elementor-size-sm elementor-animation-grow\" href=\"https:\/\/www.wlan-bayern.de\/#\/\" target=\"_blank\">\n\t\t\t\t\t\t<span class=\"elementor-button-content-wrapper\">\n\t\t\t\t\t\t<span class=\"elementor-button-icon\">\n\t\t\t\t<i aria-hidden=\"true\" class=\"fas fa-external-link-alt\"><\/i>\t\t\t<\/span>\n\t\t\t\t\t\t\t\t\t<span class=\"elementor-button-text\">\u062a\u0635\u0641\u062d wlan-bayern.de<\/span>\n\t\t\t\t\t<\/span>\n\t\t\t\t\t<\/a>\n\t\t\t\t<\/div>\n\t\t\t\t\t\t\t\t<\/div>\n\t\t\t\t<\/div>\n\t\t\t\t<div class=\"elementor-element elementor-element-b9f4ef7 elementor-widget elementor-widget-heading\" data-id=\"b9f4ef7\" data-element_type=\"widget\" data-e-type=\"widget\" data-widget_type=\"heading.default\">\n\t\t\t\t<div class=\"elementor-widget-container\">\n\t\t\t\t\t<h2 class=\"elementor-heading-title elementor-size-default\">\u0646\u0642\u0627\u0637 \u0627\u062a\u0635\u0627\u0644 \u0627\u0644\u0627\u0646\u062a\u0631\u0646\u062a \u0641\u064a \u0645\u0631\u0643\u0632 \u0627\u0644\u062a\u062b\u0628\u064a\u062a (\u0627\u0644\u0643\u0627\u0645\u0628)<\/h2>\t\t\t\t<\/div>\n\t\t\t\t<\/div>\n\t\t\t\t<div class=\"elementor-element elementor-element-67477b68 elementor-widget elementor-widget-text-editor\" data-id=\"67477b68\" data-element_type=\"widget\" data-e-type=\"widget\" data-widget_type=\"text-editor.default\">\n\t\t\t\t<div class=\"elementor-widget-container\">\n\t\t\t\t\t\t\t\t\t<p>\u0644\u0627 \u064a\u0648\u062c\u062f \u0625\u0646\u062a\u0631\u0646\u062a \u0641\u064a \u0627\u0644\u063a\u0631\u0641 \u0641\u064a \u0645\u0631\u0643\u0632 \u0627\u0644\u062a\u062b\u0628\u064a\u062a (\u0627\u0644\u0643\u0627\u0645\u0628). \u0647\u0646\u0627\u0643 \u0646\u0642\u0637\u0629 \u0627\u062a\u0635\u0627\u0644 \u0648\u0627\u0644\u062a\u064a \u064a\u0645\u0643\u0646\u0643 \u0645\u0646 \u062e\u0644\u0627\u0644\u0647\u0627 \u0627\u0633\u062a\u062e\u062f\u0627\u0645 \u0627\u0644\u0625\u0646\u062a\u0631\u0646\u062a.<\/p>\n\t\t\t\t\t\t\t\t<\/div>\n\t\t\t\t<\/div>\n\t\t\t\t<div class=\"elementor-element elementor-element-c7bd001 elementor-widget elementor-widget-heading\" data-id=\"c7bd001\" data-element_type=\"widget\" data-e-type=\"widget\" data-widget_type=\"heading.default\">\n\t\t\t\t<div class=\"elementor-widget-container\">\n\t\t\t\t\t<h2 class=\"elementor-heading-title elementor-size-default\">\u0627\u0644\u062f\u0641\u0639 \u0627\u0644\u0645\u0633\u0628\u0642 \u0623\u0648 \u0639\u0642\u062f \u0627\u0644\u0647\u0627\u062a\u0641 \u0627\u0644\u0645\u062d\u0645\u0648\u0644<\/h2>\t\t\t\t<\/div>\n\t\t\t\t<\/div>\n\t\t\t\t<div class=\"elementor-element elementor-element-dabdd50 elementor-widget elementor-widget-text-editor\" data-id=\"dabdd50\" data-element_type=\"widget\" data-e-type=\"widget\" data-widget_type=\"text-editor.default\">\n\t\t\t\t<div class=\"elementor-widget-container\">\n\t\t\t\t\t\t\t\t\t<p>\u064a\u0645\u0643\u0646\u0643 \u0625\u0628\u0631\u0627\u0645 \u0639\u0642\u062f \u0644\u0647\u0627\u062a\u0641\u0643 \u0627\u0644\u0645\u062d\u0645\u0648\u0644 \u0625\u0630\u0627 \u0643\u0627\u0646 \u0644\u062f\u064a\u0643 \u062a\u0635\u0631\u064a\u062d \u0625\u0642\u0627\u0645\u0629. \u0647\u0630\u0627 \u0636\u0631\u0648\u0631\u064a \u0644\u0644\u062a\u0633\u062c\u064a\u0644. \u0647\u0646\u0627\u0643 \u0627\u062d\u062a\u0645\u0627\u0644\u0627\u0646:<\/p>\n<ul>\n<li>\u200f\u0628\u0637\u0627\u0642\u0629 \u0645\u0633\u0628\u0642\u0629 \u0627\u0644\u062f\u0641\u0639: \u064a\u062c\u0628 \u0639\u0644\u064a\u0643 \u062f\u0627\u0626\u0645\u0627 \u062a\u0639\u0628\u0626\u0629 \u0647\u0630\u0647 \u0627\u0644\u0628\u0637\u0627\u0642\u0629 \u0628\u0631\u0635\u064a\u062f \u060c \u0639\u0644\u0649 \u0633\u0628\u064a\u0644 \u0627\u0644\u0645\u062b\u0627\u0644 5 \u0623\u0648 10 \u064a\u0648\u0631\u0648.\u200f \u0639\u0646\u062f\u0645\u0627 \u064a\u062a\u0645 \u0627\u0633\u062a\u062e\u062f\u0627\u0645 \u0627\u0644\u0631\u0635\u064a\u062f\u060c \u064a\u0645\u0643\u0646\u0643 \u0625\u0639\u0627\u062f\u0629 \u062a\u0639\u0628\u0626\u062a\u0647 \u0645\u0631\u0629 \u0623\u062e\u0631\u0649. \u0648\u0628\u0630\u0644\u0643 \u062a\u0631\u0649 \u062f\u0627\u0626\u0645\u0627\u064b \u0645\u0642\u062f\u0627\u0631 \u0627\u0644\u0623\u0645\u0648\u0627\u0644 \u0627\u0644\u062a\u064a \u062a\u0646\u0641\u0642\u0647\u0627.<\/li>\n<li>\u200f\u0639\u0642\u062f \u0628\u0631\u0633\u0648\u0645 \u0634\u0647\u0631\u064a\u0629: \u0647\u0646\u0627 \u0644\u062f\u064a\u0643 \u0645\u0628\u0644\u063a \u0634\u0647\u0631\u064a \u062b\u0627\u0628\u062a \u064a\u062a\u0639\u064a\u0646 \u0639\u0644\u064a\u0643 \u062f\u0641\u0639\u0647 \u062f\u0627\u0626\u0645\u0627 \u0643\u0644 \u0634\u0647\u0631 \u060c \u0633\u0648\u0627\u0621 \u0643\u0646\u062a \u0639\u0644\u0649 \u0627\u0644\u0647\u0627\u062a\u0641 \u0648\u062a\u0630\u0647\u0628 \u0625\u0644\u0649 \u0627\u0644\u0625\u0646\u062a\u0631\u0646\u062a \u0623\u0645 \u0644\u0627.\u200f \u062a\u0633\u062a\u0645\u0631 \u0627\u0644\u0639\u0642\u0648\u062f \u0639\u0627\u062f\u0627 24 \u0634\u0647\u0631 \u0628\u0627\u0644\u0625\u0636\u0627\u0641\u0629 \u0625\u0644\u0649 \u0630\u0644\u0643\u060c \u063a\u0627\u0644\u0628\u0627\u064b \u0645\u0627 \u064a\u0643\u0648\u0646 \u0647\u0646\u0627\u0643 \u0645\u0628\u0644\u063a \u0634\u0647\u0631\u064a \u0639\u0646\u062f \u0627\u062e\u062a\u064a\u0627\u0631 \u0627\u0644\u0647\u0627\u062a\u0641 \u0627\u0644\u0645\u062d\u0645\u0648\u0644. \u0644\u0630\u0627 \u0643\u0646 \u062d\u0630\u0631\u0627\u064b: \u0644\u062f\u064a\u0643 \u0647\u0646\u0627 \u062a\u0643\u0627\u0644\u064a\u0641 \u0645\u0631\u062a\u0641\u0639\u0629 \u0646\u0633\u0628\u064a\u0627\u064b \u0639\u0644\u0649 \u0645\u062f\u0627\u0631 \u0641\u062a\u0631\u0629 \u0632\u0645\u0646\u064a\u0629 \u0637\u0648\u064a\u0644\u0629.\n<p>\u200f\u0625\u0630\u0627 \u0644\u0645 \u064a\u062a\u0645 \u0625\u0646\u0647\u0627\u0621 \u0627\u0644\u0639\u0642\u062f \u0641\u064a \u0627\u0644\u0648\u0642\u062a \u0627\u0644\u0645\u0646\u0627\u0633\u0628 \u060c \u064a\u062a\u0645 \u062a\u062c\u062f\u064a\u062f\u0647 \u062a\u0644\u0642\u0627\u0626\u064a\u0627 \u0644\u0645\u062f\u0629 \u0639\u0627\u0645 \u0623\u0648 \u0639\u0627\u0645\u064a\u0646.\u200f<\/p>\n<\/li>\n<\/ul>\n\t\t\t\t\t\t\t\t<\/div>\n\t\t\t\t<\/div>\n\t\t\t\t<div class=\"elementor-element elementor-element-6bd8d1b elementor-icon-list--layout-traditional elementor-list-item-link-full_width elementor-widget elementor-widget-icon-list\" data-id=\"6bd8d1b\" data-element_type=\"widget\" data-e-type=\"widget\" data-widget_type=\"icon-list.default\">\n\t\t\t\t<div class=\"elementor-widget-container\">\n\t\t\t\t\t\t\t<ul class=\"elementor-icon-list-items\">\n\t\t\t\t\t\t\t<li class=\"elementor-icon-list-item\">\n\t\t\t\t\t\t\t\t\t\t\t<span class=\"elementor-icon-list-icon\">\n\t\t\t\t\t\t\t<i aria-hidden=\"true\" class=\"fas fa-exclamation-circle\"><\/i>\t\t\t\t\t\t<\/span>\n\t\t\t\t\t\t\t\t\t\t<span class=\"elementor-icon-list-text\">\u0642\u0645 \u0628\u0628\u0639\u0636 \u0627\u0644\u0628\u062d\u062b \u0648\u0627\u062d\u0635\u0644 \u0639\u0644\u0649 \u0627\u0644\u0645\u0639\u0644\u0648\u0645\u0627\u062a\u060c \u0642\u0628\u0644 \u0627\u0644\u062f\u062e\u0648\u0644 \u0641\u064a \u0639\u0642\u062f \u0637\u0648\u064a\u0644 \u0627\u0644\u0623\u062c\u0644 \u0648\u0639\u0627\u0644\u064a \u0627\u0644\u062a\u0643\u0644\u0641\u0629.<\/span>\n\t\t\t\t\t\t\t\t\t<\/li>\n\t\t\t\t\t\t<\/ul>\n\t\t\t\t\t\t<\/div>\n\t\t\t\t<\/div>\n\t\t\t\t<div class=\"elementor-element elementor-element-fcbd26f elementor-widget elementor-widget-heading\" data-id=\"fcbd26f\" data-element_type=\"widget\" data-e-type=\"widget\" data-widget_type=\"heading.default\">\n\t\t\t\t<div class=\"elementor-widget-container\">\n\t\t\t\t\t<h2 class=\"elementor-heading-title elementor-size-default\">\u0627\u0644\u0627\u062a\u0635\u0627\u0644 \u0628\u0627\u0644\u0625\u0646\u062a\u0631\u0646\u062a \u0641\u064a \u0627\u0644\u0645\u0646\u0632\u0644<\/h2>\t\t\t\t<\/div>\n\t\t\t\t<\/div>\n\t\t\t\t<div class=\"elementor-element elementor-element-0e0ce51 elementor-widget elementor-widget-text-editor\" data-id=\"0e0ce51\" data-element_type=\"widget\" data-e-type=\"widget\" data-widget_type=\"text-editor.default\">\n\t\t\t\t<div class=\"elementor-widget-container\">\n\t\t\t\t\t\t\t\t\t<p>\u0625\u0630\u0627 \u0643\u0627\u0646 \u0644\u062f\u064a\u0643 \u0634\u0642\u062a\u0643 \u0627\u0644\u062e\u0627\u0635\u0629\u060c \u064a\u0645\u0643\u0646\u0643 \u062a\u0648\u0642\u064a\u0639 \u0639\u0642\u062f \u0644\u0644\u0627\u062a\u0635\u0627\u0644 \u0628\u0627\u0644\u0625\u0646\u062a\u0631\u0646\u062a\u060c \u0639\u0644\u0649 \u0633\u0628\u064a\u0644 \u0627\u0644\u0645\u062b\u0627\u0644 \u0645\u0639 \u0634\u0631\u0643\u0629 Stadtwerken.<\/p>\n<p>100 \u0645\u064a\u063a\u0627 \u0628\u0627\u064a\u062a \u0639\u0627\u062f\u0629 \u0645\u0627 \u062a\u0643\u0648\u0646 \u0643\u0627\u0641\u064a\u0629.<\/p>\n\t\t\t\t\t\t\t\t<\/div>\n\t\t\t\t<\/div>\n\t\t\t\t<div class=\"elementor-element elementor-element-1d7df33d elementor-icon-list--layout-traditional elementor-list-item-link-full_width elementor-widget elementor-widget-icon-list\" data-id=\"1d7df33d\" data-element_type=\"widget\" data-e-type=\"widget\" data-widget_type=\"icon-list.default\">\n\t\t\t\t<div class=\"elementor-widget-container\">\n\t\t\t\t\t\t\t<ul class=\"elementor-icon-list-items\">\n\t\t\t\t\t\t\t<li class=\"elementor-icon-list-item\">\n\t\t\t\t\t\t\t\t\t\t\t<span class=\"elementor-icon-list-icon\">\n\t\t\t\t\t\t\t<i aria-hidden=\"true\" class=\"fas fa-exclamation-circle\"><\/i>\t\t\t\t\t\t<\/span>\n\t\t\t\t\t\t\t\t\t\t<span class=\"elementor-icon-list-text\">\u062a\u0646\u0628\u064a\u0647: \u064a\u0645\u0643\u0646 \u0623\u0646 \u062a\u0633\u062a\u0645\u0631 \u0647\u0630\u0647 \u0627\u0644\u0639\u0642\u0648\u062f \u0644\u0645\u062f\u0629 \u062a\u0635\u0644 \u0625\u0644\u0649 24 \u0634\u0647\u0631\u0627\u064b! \u0647\u0630\u0647 \u0647\u064a \u0627\u0644\u0645\u062f\u0629 \u0627\u0644\u062a\u064a \u064a\u062a\u0648\u062c\u0628 \u0639\u0644\u064a\u0643 \u0633\u062f\u0627\u062f\u0647\u0627 \u0645\u0642\u0627\u0628\u0644 \u0627\u0644\u0639\u0642\u062f \u0641\u064a \u0623\u064a \u062d\u0627\u0644\u060c \u0628\u0645\u062c\u0631\u062f \u062a\u0648\u0642\u064a\u0639\u0643 \u0639\u0644\u0649 \u0627\u0644\u0639\u0642\u062f.<\/span>\n\t\t\t\t\t\t\t\t\t<\/li>\n\t\t\t\t\t\t<\/ul>\n\t\t\t\t\t\t<\/div>\n\t\t\t\t<\/div>\n\t\t\t\t\t<\/div>\n\t\t<\/div>\n\t\t\t\t\t<\/div>\n\t\t<\/section>\n\t\t\t\t<\/div>\n\t\t","protected":false},"excerpt":{"rendered":"<p>\u0627\u0644\u0625\u0646\u062a\u0631\u0646\u062a \u0648 Wifi \u0645\u062c\u0627\u0646\u064a \u062a\u0648\u062c\u062f \u0623\u0645\u0627\u0643\u0646 \u0645\u062e\u062a\u0644\u0641\u0629 \u0641\u064a \u0628\u0627\u0645\u0628\u0631\u063a \u062d\u064a\u062b \u064a\u0645\u0643\u0646\u0643 \u0627\u0644\u0648\u0635\u0648\u0644 \u0625\u0644\u0649 \u0627\u0644\u0625\u0646\u062a\u0631\u0646\u062a \u0645\u062c\u0627\u0646\u0627\u064b. \u0645\u062d\u062a\u0648\u0649 \u0627\u0644\u0635\u0641\u062d\u0629 \u0646\u0642\u0627\u0637 \u0627\u062a\u0635\u0627\u0644 Wifi \u0645\u062c\u0627\u0646\u064a\u0629 \u0641\u064a \u0628\u0627\u0645\u0628\u0631\u063a \u064a\u0645\u0643\u0646\u0643 \u0627\u0633\u062a\u062e\u062f\u0627\u0645 \u0627\u0644\u0625\u0646\u062a\u0631\u0646\u062a \u0627\u0644\u0645\u062c\u0627\u0646\u064a \u0641\u064a \u0647\u0630\u0647 \u0627\u0644\u0645\u0648\u0627\u0642\u0639 [&hellip;]<\/p>\n","protected":false},"author":6,"featured_media":0,"parent":7690,"menu_order":0,"comment_status":"closed","ping_status":"closed","template":"","meta":{"_angie_page":false,"_price":"","_stock":"","_tribe_ticket_header":"","_tribe_default_ticket_provider":"","_tribe_ticket_capacity":"0","_ticket_start_date":"","_ticket_end_date":"","_tribe_ticket_show_description":"","_tribe_ticket_show_not_going":false,"_tribe_ticket_use_global_stock":"","_tribe_ticket_global_stock_level":"","_global_stock_mode":"","_global_stock_cap":"","_tribe_rsvp_for_event":"","_tribe_ticket_going_count":"","_tribe_ticket_not_going_count":"","_tribe_tickets_list":"[]","_tribe_ticket_has_attendee_info_fields":false,"footnotes":""},"class_list":["post-7692","page","type-page","status-publish","hentry"],"_links":{"self":[{"href":"https:\/\/bamigra.de\/ar\/wp-json\/wp\/v2\/pages\/7692","targetHints":{"allow":["GET"]}}],"collection":[{"href":"https:\/\/bamigra.de\/ar\/wp-json\/wp\/v2\/pages"}],"about":[{"href":"https:\/\/bamigra.de\/ar\/wp-json\/wp\/v2\/types\/page"}],"author":[{"embeddable":true,"href":"https:\/\/bamigra.de\/ar\/wp-json\/wp\/v2\/users\/6"}],"replies":[{"embeddable":true,"href":"https:\/\/bamigra.de\/ar\/wp-json\/wp\/v2\/comments?post=7692"}],"version-history":[{"count":0,"href":"https:\/\/bamigra.de\/ar\/wp-json\/wp\/v2\/pages\/7692\/revisions"}],"up":[{"embeddable":true,"href":"https:\/\/bamigra.de\/ar\/wp-json\/wp\/v2\/pages\/7690"}],"wp:attachment":[{"href":"https:\/\/bamigra.de\/ar\/wp-json\/wp\/v2\/media?parent=7692"}],"curies":[{"name":"wp","href":"https:\/\/api.w.org\/{rel}","templated":true}]}}